{"id":20,"date":"2021-11-10T09:07:14","date_gmt":"2021-11-10T09:07:14","guid":{"rendered":"https:\/\/musicoscala.com\/?page_id=20"},"modified":"2026-02-25T22:42:43","modified_gmt":"2026-02-25T21:42:43","slug":"szkola-muzyczna-rzeszow","status":"publish","type":"page","link":"https:\/\/musicoscala.com\/en\/szkola-muzyczna-rzeszow\/","title":{"rendered":"Szko\u0142a muzyczna Rzesz\u00f3w"},"content":{"rendered":"<div data-elementor-type=\"wp-page\" data-elementor-id=\"20\" class=\"elementor elementor-20\" data-elementor-post-type=\"page\">\n\t\t\t\t\t\t<section class=\"elementor-section elementor-top-section elementor-element elementor-element-cc14e0c elementor-section-boxed elementor-section-height-default elementor-section-height-default\" data-id=\"cc14e0c\" data-element_type=\"section\" data-e-type=\"section\">\n\t\t\t\t\t\t<div class=\"elementor-container elementor-column-gap-default\">\n\t\t\t\t\t<div class=\"elementor-column elementor-col-100 elementor-top-column elementor-element elementor-element-24388b6\" data-id=\"24388b6\" data-element_type=\"column\" data-e-type=\"column\">\n\t\t\t<div class=\"elementor-widget-wrap elementor-element-populated\">\n\t\t\t\t\t\t<section class=\"elementor-section elementor-inner-section elementor-element elementor-element-ac4edaa elementor-section-content-middle elementor-section-boxed elementor-section-height-default elementor-section-height-default\" data-id=\"ac4edaa\" data-element_type=\"section\" data-e-type=\"section\">\n\t\t\t\t\t\t<div class=\"elementor-container elementor-column-gap-default\">\n\t\t\t\t\t<div class=\"elementor-column elementor-col-50 elementor-inner-column elementor-element elementor-element-fa4ea76\" data-id=\"fa4ea76\" data-element_type=\"column\" data-e-type=\"column\">\n\t\t\t<div class=\"elementor-widget-wrap elementor-element-populated\">\n\t\t\t\t\t\t<div class=\"elementor-element elementor-element-28d5873 elementor-widget elementor-widget-image\" data-id=\"28d5873\" data-element_type=\"widget\" data-e-type=\"widget\" data-widget_type=\"image.default\">\n\t\t\t\t<div class=\"elementor-widget-container\">\n\t\t\t\t\t\t\t\t\t\t\t\t\t\t\t<img fetchpriority=\"high\" decoding=\"async\" width=\"1024\" height=\"684\" src=\"https:\/\/musicoscala.com\/wp-content\/uploads\/2021\/11\/good-student-plays-piano-at-a-music-school.jpg\" class=\"attachment-large size-large wp-image-287\" alt=\"szko\u0142a muzyczna Rzesz\u00f3w Musicoscala indywidualne lekcja gry na pianinie fortepian keyboard organy akordeon perkusja\" \/>\t\t\t\t\t\t\t\t\t\t\t\t\t\t\t<\/div>\n\t\t\t\t<\/div>\n\t\t\t\t\t<\/div>\n\t\t<\/div>\n\t\t\t\t<div class=\"elementor-column elementor-col-50 elementor-inner-column elementor-element elementor-element-5496320\" data-id=\"5496320\" data-element_type=\"column\" data-e-type=\"column\" data-settings=\"{&quot;background_background&quot;:&quot;classic&quot;}\">\n\t\t\t<div class=\"elementor-widget-wrap elementor-element-populated\">\n\t\t\t\t\t\t<div class=\"elementor-element elementor-element-65db83b elementor-view-default elementor-widget elementor-widget-icon\" data-id=\"65db83b\" data-element_type=\"widget\" data-e-type=\"widget\" data-widget_type=\"icon.default\">\n\t\t\t\t<div class=\"elementor-widget-container\">\n\t\t\t\t\t\t\t<div class=\"elementor-icon-wrapper\">\n\t\t\t<div class=\"elementor-icon\">\n\t\t\t<i aria-hidden=\"true\" class=\"fas fa-school\"><\/i>\t\t\t<\/div>\n\t\t<\/div>\n\t\t\t\t\t\t<\/div>\n\t\t\t\t<\/div>\n\t\t\t\t<div class=\"elementor-element elementor-element-a8392d8 elementor-widget elementor-widget-heading\" data-id=\"a8392d8\" data-element_type=\"widget\" data-e-type=\"widget\" data-widget_type=\"heading.default\">\n\t\t\t\t<div class=\"elementor-widget-container\">\n\t\t\t\t\t<h2 class=\"elementor-heading-title elementor-size-default\">Musicoscala Music School in Rzesz\u00f3w<\/h2>\t\t\t\t<\/div>\n\t\t\t\t<\/div>\n\t\t\t\t<div class=\"elementor-element elementor-element-4db4550 elementor-widget elementor-widget-text-editor\" data-id=\"4db4550\" data-element_type=\"widget\" data-e-type=\"widget\" data-widget_type=\"text-editor.default\">\n\t\t\t\t<div class=\"elementor-widget-container\">\n\t\t\t\t\t\t\t\t\t<p><span style=\"font-family: 'Work Sans'; font-size: 14px; font-style: normal; font-variant-ligatures: normal; font-variant-caps: normal; font-weight: 400;\">Szko\u0142a muzyczna Musicoscala w Rzeszowie zaprasza do zapis\u00f3w. Dla naszych nowych uczni\u00f3w przygotowali\u015bmy niezb\u0119dny \u201estarter pack\u201d: zeszyt do nut oraz teczk\u0119 na nuty.<br \/><\/span><\/p><p><strong><span style=\"font-family: 'Work Sans'; font-size: 14px; font-style: normal; font-variant-ligatures: normal; font-variant-caps: normal;\">Zapisz si\u0119 ju\u017c dzi\u015b na lekcje indywidualne i dziel si\u0119 gr\u0105 z najbli\u017cszymi!<\/span><\/strong><\/p>\t\t\t\t\t\t\t\t<\/div>\n\t\t\t\t<\/div>\n\t\t\t\t\t<\/div>\n\t\t<\/div>\n\t\t\t\t\t<\/div>\n\t\t<\/section>\n\t\t\t\t<div class=\"elementor-element elementor-element-e7296ad elementor-view-default elementor-widget elementor-widget-icon\" data-id=\"e7296ad\" data-element_type=\"widget\" data-e-type=\"widget\" data-widget_type=\"icon.default\">\n\t\t\t\t<div class=\"elementor-widget-container\">\n\t\t\t\t\t\t\t<div class=\"elementor-icon-wrapper\">\n\t\t\t<div class=\"elementor-icon\">\n\t\t\t<i aria-hidden=\"true\" class=\"far fa-window-minimize\"><\/i>\t\t\t<\/div>\n\t\t<\/div>\n\t\t\t\t\t\t<\/div>\n\t\t\t\t<\/div>\n\t\t\t\t<div class=\"elementor-element elementor-element-94886cf elementor-widget__width-initial elementor-widget elementor-widget-text-editor\" data-id=\"94886cf\" data-element_type=\"widget\" data-e-type=\"widget\" data-widget_type=\"text-editor.default\">\n\t\t\t\t<div class=\"elementor-widget-container\">\n\t\t\t\t\t\t\t\t\t<p>W naszej szkole na zaj\u0119ciach indywidualnych prowadzimy klasy:<\/p><ul><li>\u015bpiewu\/wokalu,<\/li><li>fortepianu\/pianina\/keyboardu,<\/li><li>gitary (klasycznej, akustycznej, elektrycznej, basowej) \/ ukulele,<\/li><li>skrzypiec,<\/li><li>saksofonu,<\/li><li>klarnetu,<\/li><li>drums<\/li><\/ul><p>No age restrictions!\u00a0<\/p><p><span style=\"font-size: 14px; color: var( --e-global-color-text );\">The program is individually tailored to the student and includes:<\/span><\/p><ul style=\"font-variant-ligatures: normal; font-variant-caps: normal; font-family: 'Work Sans'; font-size: 14px; font-style: normal; font-weight: 400;\"><li style=\"font-size: 14px;\">theoretical basis,<\/li><li style=\"font-size: 14px;\">technik\u0119 gry\/\u015bpiewu,<\/li><li style=\"font-size: 14px;\">reading sheet music,<\/li><li style=\"font-size: 14px;\">accompaniment and harmonisation,<\/li><li style=\"font-size: 14px;\">ear training.<\/li><\/ul><p>We conduct lessons mostly on acoustic instruments, which motivates you to practice more and builds a greater \"feeling\" of music and the instrument.<\/p><p>We also have instruments for rent if you are afraid to invest in expensive instruments at the beginning of your education. <a href=\"https:\/\/musicoscala.com\/en\/wypozyczalnia-instrumentow\/\">here.<\/a><\/p><p>Lekcje prowadzimy w Rzeszowie przy Al. Rejtana 53 na IV pi\u0119trze. Mo\u017cesz sprawdzi\u0107 nasz\u0105 lokalizacj\u0119 na mapach Google\u00a0<a href=\"https:\/\/maps.app.goo.gl\/NX8wgYoVGP7zPXm88\" target=\"_blank\" rel=\"noopener\">tutaj<\/a>.<\/p><h3 style=\"text-align: center;\"><span style=\"color: #ff9900;\">\u00a0<\/span><\/h3><h3 style=\"text-align: center;\"><span style=\"color: #ff9900;\">\u00a0<\/span><span style=\"color: #ff9900; font-size: 18px;\">Zasady organizacji nauki w naszej szkole od 01.03.2026 r.<\/span><\/h3><ol style=\"font-variant-ligatures: normal; font-variant-caps: normal; font-family: 'Work Sans'; font-size: 14px; font-style: normal; font-weight: 400;\"><li style=\"font-size: 14px;\">W porozumieniu z uczniem\/rodzicem wybieramy adekwatn\u0105 cz\u0119stotliwo\u015b\u0107, czas trwania oraz regularny termin lekcji.<\/li><li style=\"font-size: 14px;\">Zaj\u0119cia prowadzimy w dni nauki szk\u00f3\u0142 podstawowych w woj. podkarpackim.<\/li><li style=\"font-size: 14px;\">Zaj\u0119\u0107 nie prowadzimy w dni wolne od nauki szkolnej w woj. podkarpackim. W roku szkolnym 2025\/2026 s\u0105 to: 11.11, 22.12-06.01, 02.04-07.04, 01.05, 04.06, 29.06-30.06. Op\u0142aty nie podlegaj\u0105 zwrotowi.\u00a0<span style=\"font-size: 14px; text-decoration-line: underline;\">Wyj\u0105tek:<\/span>\u00a0po wcze\u015bniejszym zg\u0142oszeniu braku obecno\u015bci na lekcjach na zimowych feriach szkolnych w dniach 16.02-01.03, istnieje mo\u017cliwo\u015b\u0107 pomniejszenia miesi\u0119cznej op\u0142aty rycza\u0142towej, proporcjonalnie do zadeklarowanej obecno\u015bci na feriach.<\/li><li style=\"font-size: 14px;\">P\u0142atno\u015bci za lekcje dokonuje si\u0119 z g\u00f3ry za ca\u0142y miesi\u0105c kalendarzowy, nie p\u00f3\u017aniej ni\u017c w dniu 1. lekcji w danym miesi\u0105cu, poprzez przelew na rachunek bankowy nr 65 1870 1045 2078 1088 8544 0001. W tytule przelewu prosimy podawa\u0107 imi\u0119 i nazwisko ucznia, instrument oraz nazw\u0119 miesi\u0105ca, kt\u00f3rego dotyczy op\u0142ata.\u00a0<\/li><li style=\"font-size: 14px;\"><span style=\"font-variant-ligatures: normal; font-variant-caps: normal; font-family: 'Work Sans'; font-size: 14px; font-style: normal; font-weight: 400;\">Brak p\u0142atno\u015bci mo\u017ce skutkowa\u0107 brakiem rezerwacji wybranego terminu lekcji.<\/span><\/li><li style=\"font-size: 14px;\">Rycza\u0142towe op\u0142aty miesi\u0119czne:<br \/>239 PLN: 30 min raz w tygodniu;<br \/>299 PLN: 45<span style=\"font-variant-ligatures: normal; font-variant-caps: normal; font-family: 'Work Sans'; font-size: 14px; font-style: normal; font-weight: 400;\">\u00a0min raz w tygodniu;<\/span><br \/>379 PLN: 6<span style=\"font-variant-ligatures: normal; font-variant-caps: normal; font-family: 'Work Sans'; font-size: 14px; font-style: normal; font-weight: 400;\">0 min raz w tygodniu.<\/span><\/li><li style=\"font-size: 14px;\">W przypadku nieobecno\u015bci ucznia na lekcji, \u015brodki pieni\u0119\u017cne nie podlegaj\u0105 zwrotowi. Zach\u0119camy do informowania nauczyciela o planowanych nieobecno\u015bciach &#8211; dzi\u0119ki temu b\u0119dziemy mogli zaproponowa\u0107 ten czas na odrabianie lekcji, kt\u00f3re nie odby\u0142y si\u0119 z powodu nieobecno\u015bci ucznia lub nauczyciela.<\/li><li style=\"font-size: 14px;\">W sytuacji, gdy nauczyciel prowadz\u0105cy nie b\u0119dzie m\u00f3g\u0142 przeprowadzi\u0107 zaj\u0119\u0107, lekcj\u0119 poprowadzi nauczyciel zast\u0119puj\u0105cy lub zostan\u0105 zaproponowane 2 r\u00f3\u017cne terminy odrabiania zaj\u0119\u0107. Je\u015bli \u017caden z termin\u00f3w nie zostanie zaakceptowany przez ucznia &#8211; lekcj\u0119 uznaje si\u0119 za przeprowadzon\u0105.<\/li><li style=\"font-size: 14px;\">W wyj\u0105tkowych sytuacjach oraz w okresie wakacji i zimowych ferii szkolnych, umo\u017cliwiamy cotygodniowe ustalanie harmonogramu lekcji. P\u0142atno\u015bci za te lekcje, prosimy dokonywa\u0107 w momencie potwierdzenia termin\u00f3w z nauczycielem. W takich przypadkach, op\u0142aty za pojedyncze lekcje wynosz\u0105:<br \/>30 min: 60 PLN;<br \/>45 min: 75 PLN;<br \/>60 min: 95 PLN.<\/li><li style=\"font-size: 14px;\">Ch\u0119\u0107 odst\u0105pienia od nauki w naszej szkole mo\u017cna z\u0142o\u017cy\u0107 w ka\u017cdym momencie u nauczyciela lub dyrektora szko\u0142y. Rezygnacja jest skuteczna na koniec ostatniej op\u0142aconej lekcji, tzn. ucze\u0144 mo\u017ce zrezygnowa\u0107 z uczestnictwa w lekcjach, kt\u00f3re zosta\u0142y op\u0142acone, jednak\u017ce \u015brodki pieni\u0119\u017cne za te zaj\u0119cia nie podlegaj\u0105 zwrotowi.<\/li><\/ol><div>\u00a0<\/div><h3 style=\"text-align: center;\"><span style=\"color: #ff9900;\">Zasady organizacji nauki w naszej szkole od 01.09.2025 r. do 28.02.2026 r.<\/span><\/h3><ol><li style=\"text-align: left;\">W porozumieniu z uczniem\/rodzicem wybieramy adekwatn\u0105 cz\u0119stotliwo\u015b\u0107, czas trwania oraz regularny termin lekcji.<\/li><li style=\"font-size: 14px;\">Zaj\u0119cia prowadzimy w dni nauki szk\u00f3\u0142 podstawowych w woj. podkarpackim.<\/li><li style=\"font-size: 14px;\">Zaj\u0119\u0107 nie prowadzimy w dni wolne od nauki szkolnej w woj. podkarpackim. W roku szkolnym 2025\/2026 s\u0105 to: 11.11, 22.12-06.01, 02.04-07.04, 01.05, 04.06, 29.06-30.06. Op\u0142aty nie podlegaj\u0105 zwrotowi. <span style=\"text-decoration: underline;\">Wyj\u0105tek:<\/span> po wcze\u015bniejszym zg\u0142oszeniu braku obecno\u015bci na lekcjach na zimowych feriach szkolnych w dniach 16.02-01.03, istnieje mo\u017cliwo\u015b\u0107 pomniejszenia miesi\u0119cznej op\u0142aty rycza\u0142towej, proporcjonalnie do zadeklarowanej obecno\u015bci na feriach.<\/li><li>P\u0142atno\u015bci za lekcje dokonuje si\u0119 z g\u00f3ry za ca\u0142y miesi\u0105c kalendarzowy, najp\u00f3\u017aniej w dniu 1. lekcji w danym miesi\u0105cu, poprzez przelew na rachunek bankowy nr 65 1870 1045 2078 1088 8544 0001.\u00a0<\/li><li><span style=\"font-family: 'Work Sans'; font-size: 14px; font-style: normal; font-variant-ligatures: normal; font-variant-caps: normal; font-weight: 400;\">Brak p\u0142atno\u015bci mo\u017ce skutkowa\u0107 brakiem rezerwacji wybranego terminu lekcji.<\/span><\/li><li>Rycza\u0142towe op\u0142aty miesi\u0119czne:<br \/>220 PLN: 30 min raz w tygodniu;<br \/>280 PLN: 45<span style=\"font-family: 'Work Sans'; font-size: 14px; font-style: normal; font-variant-ligatures: normal; font-variant-caps: normal; font-weight: 400;\">\u00a0min raz w tygodniu;<\/span><br \/>360 PLN: 6<span style=\"font-family: 'Work Sans'; font-size: 14px; font-style: normal; font-variant-ligatures: normal; font-variant-caps: normal; font-weight: 400;\">0 min raz w tygodniu.<\/span><\/li><li>W przypadku nieobecno\u015bci ucznia na lekcji, \u015brodki pieni\u0119\u017cne nie podlegaj\u0105 zwrotowi. Zach\u0119camy do informowania nauczyciela o planowanych nieobecno\u015bciach &#8211; b\u0119dziemy mogli zaproponowa\u0107 ten czas na odrabianie lekcji z innymi uczniami.<\/li><li>W sytuacji, gdy nauczyciel prowadz\u0105cy nie b\u0119dzie m\u00f3g\u0142 przeprowadzi\u0107 zaj\u0119\u0107, lekcj\u0119 poprowadzi nauczyciel zast\u0119puj\u0105cy lub zostan\u0105 zaproponowane 2 terminy odrabiania zaj\u0119\u0107. Je\u015bli \u017caden z termin\u00f3w nie zostanie zaakceptowany przez ucznia &#8211; lekcj\u0119 uznaje si\u0119 za przeprowadzon\u0105.<\/li><li>W wyj\u0105tkowych sytuacjach oraz w okresie wakacji i ferii szkolnych, umo\u017cliwiamy cotygodniowe ustalanie harmonogramu lekcji. P\u0142atno\u015bci za te lekcje, prosimy dokonywa\u0107 w momencie potwierdzenia termin\u00f3w z nauczycielem. W takich przypadkach, op\u0142aty za pojedyncze lekcje wynosz\u0105:<br \/>30 min: 55 PLN;<br \/>45 min: 70 PLN;<br \/>60 min: 90 PLN.<\/li><li>Ch\u0119\u0107 odst\u0105pienia od nauki w naszej szkole mo\u017cna z\u0142o\u017cy\u0107 w ka\u017cdym momencie u nauczyciela lub dyrektora szko\u0142y. Rezygnacja jest skuteczna na koniec ostatniej op\u0142aconej lekcji, tzn. ucze\u0144 mo\u017ce zrezygnowa\u0107 z uczestnictwa w lekcjach, kt\u00f3re zosta\u0142y op\u0142acone, jednak\u017ce \u015brodki pieni\u0119\u017cne za te zaj\u0119cia nie podlegaj\u0105 zwrotowi.<\/li><\/ol><div>\u00a0<\/div><p>Je\u015bli interesuj\u0105 Ci\u0119 zagadnienia muzyczne niewymienione powy\u017cej \u2013 zadzwo\u0144, napisz do nas lub skontaktuj si\u0119 za pomoc\u0105 <a href=\"https:\/\/musicoscala.com\/en\/kontakt\/\">formularza<\/a>.<\/p><p>B\u0105d\u017a na bie\u017c\u0105co i \u015bled\u017a nas na <a href=\"https:\/\/www.facebook.com\/musicoscala\" target=\"_blank\" rel=\"noopener\">Facebooku<\/a> lub <a href=\"https:\/\/www.instagram.com\/musicoscala\/\" target=\"_blank\" rel=\"noopener\">Instagramie<\/a>.<\/p>\t\t\t\t\t\t\t\t<\/div>\n\t\t\t\t<\/div>\n\t\t\t\t\t<\/div>\n\t\t<\/div>\n\t\t\t\t\t<\/div>\n\t\t<\/section>\n\t\t\t\t<\/div>","protected":false},"excerpt":{"rendered":"<p>Szko\u0142a muzyczna Musicoscala w Rzeszowie Szko\u0142a muzyczna Musicoscala w Rzeszowie zaprasza do zapis\u00f3w. Dla naszych nowych uczni\u00f3w przygotowali\u015bmy niezb\u0119dny \u201estarter pack\u201d: zeszyt do nut oraz teczk\u0119 na nuty. Zapisz si\u0119 ju\u017c dzi\u015b na lekcje indywidualne i dziel si\u0119 gr\u0105 z najbli\u017cszymi! W naszej szkole na zaj\u0119ciach indywidualnych prowadzimy klasy: \u015bpiewu\/wokalu, fortepianu\/pianina\/keyboardu, gitary (klasycznej, akustycznej, elektrycznej, [&hellip;]<\/p>\n","protected":false},"author":1,"featured_media":287,"parent":0,"menu_order":0,"comment_status":"closed","ping_status":"closed","template":"","meta":{"ocean_post_layout":"","ocean_both_sidebars_style":"","ocean_both_sidebars_content_width":0,"ocean_both_sidebars_sidebars_width":0,"ocean_sidebar":"0","ocean_second_sidebar":"0","ocean_disable_margins":"enable","ocean_add_body_class":"","ocean_shortcode_before_top_bar":"","ocean_shortcode_after_top_bar":"","ocean_shortcode_before_header":"","ocean_shortcode_after_header":"","ocean_has_shortcode":"","ocean_shortcode_after_title":"","ocean_shortcode_before_footer_widgets":"","ocean_shortcode_after_footer_widgets":"","ocean_shortcode_before_footer_bottom":"","ocean_shortcode_after_footer_bottom":"","ocean_display_top_bar":"default","ocean_display_header":"default","ocean_header_style":"","ocean_center_header_left_menu":"0","ocean_custom_header_template":"0","ocean_custom_logo":0,"ocean_custom_retina_logo":0,"ocean_custom_logo_max_width":0,"ocean_custom_logo_tablet_max_width":0,"ocean_custom_logo_mobile_max_width":0,"ocean_custom_logo_max_height":0,"ocean_custom_logo_tablet_max_height":0,"ocean_custom_logo_mobile_max_height":0,"ocean_header_custom_menu":"0","ocean_menu_typo_font_family":"0","ocean_menu_typo_font_subset":"","ocean_menu_typo_font_size":0,"ocean_menu_typo_font_size_tablet":0,"ocean_menu_typo_font_size_mobile":0,"ocean_menu_typo_font_size_unit":"px","ocean_menu_typo_font_weight":"","ocean_menu_typo_font_weight_tablet":"","ocean_menu_typo_font_weight_mobile":"","ocean_menu_typo_transform":"","ocean_menu_typo_transform_tablet":"","ocean_menu_typo_transform_mobile":"","ocean_menu_typo_line_height":0,"ocean_menu_typo_line_height_tablet":0,"ocean_menu_typo_line_height_mobile":0,"ocean_menu_typo_line_height_unit":"","ocean_menu_typo_spacing":0,"ocean_menu_typo_spacing_tablet":0,"ocean_menu_typo_spacing_mobile":0,"ocean_menu_typo_spacing_unit":"","ocean_menu_link_color":"","ocean_menu_link_color_hover":"","ocean_menu_link_color_active":"","ocean_menu_link_background":"","ocean_menu_link_hover_background":"","ocean_menu_link_active_background":"","ocean_menu_social_links_bg":"","ocean_menu_social_hover_links_bg":"","ocean_menu_social_links_color":"","ocean_menu_social_hover_links_color":"","ocean_disable_title":"default","ocean_disable_heading":"default","ocean_post_title":"","ocean_post_subheading":"","ocean_post_title_style":"","ocean_post_title_background_color":"","ocean_post_title_background":0,"ocean_post_title_bg_image_position":"","ocean_post_title_bg_image_attachment":"","ocean_post_title_bg_image_repeat":"","ocean_post_title_bg_image_size":"","ocean_post_title_height":0,"ocean_post_title_bg_overlay":0.5,"ocean_post_title_bg_overlay_color":"","ocean_disable_breadcrumbs":"default","ocean_breadcrumbs_color":"","ocean_breadcrumbs_separator_color":"","ocean_breadcrumbs_links_color":"","ocean_breadcrumbs_links_hover_color":"","ocean_display_footer_widgets":"default","ocean_display_footer_bottom":"default","ocean_custom_footer_template":"0","footnotes":""},"class_list":["post-20","page","type-page","status-publish","has-post-thumbnail","hentry","entry","has-media","owp-thumbs-layout-horizontal","owp-btn-normal","owp-tabs-layout-horizontal","has-no-thumbnails"],"jetpack_sharing_enabled":true,"_links":{"self":[{"href":"https:\/\/musicoscala.com\/en\/wp-json\/wp\/v2\/pages\/20","targetHints":{"allow":["GET"]}}],"collection":[{"href":"https:\/\/musicoscala.com\/en\/wp-json\/wp\/v2\/pages"}],"about":[{"href":"https:\/\/musicoscala.com\/en\/wp-json\/wp\/v2\/types\/page"}],"author":[{"embeddable":true,"href":"https:\/\/musicoscala.com\/en\/wp-json\/wp\/v2\/users\/1"}],"replies":[{"embeddable":true,"href":"https:\/\/musicoscala.com\/en\/wp-json\/wp\/v2\/comments?post=20"}],"version-history":[{"count":384,"href":"https:\/\/musicoscala.com\/en\/wp-json\/wp\/v2\/pages\/20\/revisions"}],"predecessor-version":[{"id":6526,"href":"https:\/\/musicoscala.com\/en\/wp-json\/wp\/v2\/pages\/20\/revisions\/6526"}],"wp:featuredmedia":[{"embeddable":true,"href":"https:\/\/musicoscala.com\/en\/wp-json\/wp\/v2\/media\/287"}],"wp:attachment":[{"href":"https:\/\/musicoscala.com\/en\/wp-json\/wp\/v2\/media?parent=20"}],"curies":[{"name":"wp","href":"https:\/\/api.w.org\/{rel}","templated":true}]}}