{"id":2009,"date":"2023-09-09T12:29:10","date_gmt":"2023-09-09T10:29:10","guid":{"rendered":"https:\/\/musicoscala.com\/?page_id=2009"},"modified":"2025-08-28T17:29:49","modified_gmt":"2025-08-28T16:29:49","slug":"wypozyczalnia-naglosnienia","status":"publish","type":"page","link":"https:\/\/musicoscala.com\/en\/wypozyczalnia-naglosnienia\/","title":{"rendered":"Wypo\u017cyczalnia nag\u0142o\u015bnienia i scen"},"content":{"rendered":"<div data-elementor-type=\"wp-page\" data-elementor-id=\"2009\" class=\"elementor elementor-2009\" data-elementor-post-type=\"page\">\n\t\t\t\t\t\t<section class=\"elementor-section elementor-top-section elementor-element elementor-element-4acabf0 elementor-section-boxed elementor-section-height-default elementor-section-height-default\" data-id=\"4acabf0\" data-element_type=\"section\" data-e-type=\"section\">\n\t\t\t\t\t\t<div class=\"elementor-container elementor-column-gap-default\">\n\t\t\t\t\t<div class=\"elementor-column elementor-col-50 elementor-top-column elementor-element elementor-element-d09573a\" data-id=\"d09573a\" data-element_type=\"column\" data-e-type=\"column\">\n\t\t\t<div class=\"elementor-widget-wrap elementor-element-populated\">\n\t\t\t\t\t\t<div class=\"elementor-element elementor-element-275236b elementor-widget elementor-widget-image\" data-id=\"275236b\" data-element_type=\"widget\" data-e-type=\"widget\" data-widget_type=\"image.default\">\n\t\t\t\t<div class=\"elementor-widget-container\">\n\t\t\t\t\t\t\t\t\t\t\t\t\t\t\t<img fetchpriority=\"high\" decoding=\"async\" width=\"1200\" height=\"700\" src=\"https:\/\/musicoscala.com\/wp-content\/uploads\/2023\/09\/Naglosnienie-na-impreze-1200x700.webp\" class=\"attachment-ocean-thumb-l size-ocean-thumb-l wp-image-2010\" alt=\"Wypo\u017cyczalnia nag\u0142o\u015bnienia nag\u0142o\u015bnienie na imprez\u0119, urodziny, bankiet. Rzesz\u00f3w, Krak\u00f3w, Lublin, Kielce. Podkarpackie, ma\u0142opolskie, lubelskie, \u015bwi\u0119tokrzyskie\" srcset=\"https:\/\/musicoscala.com\/wp-content\/uploads\/2023\/09\/Naglosnienie-na-impreze-1200x700.webp 1200w, https:\/\/musicoscala.com\/wp-content\/uploads\/2023\/09\/Naglosnienie-na-impreze-18x12.webp 18w\" sizes=\"(max-width: 1200px) 100vw, 1200px\" \/>\t\t\t\t\t\t\t\t\t\t\t\t\t\t\t<\/div>\n\t\t\t\t<\/div>\n\t\t\t\t\t<\/div>\n\t\t<\/div>\n\t\t\t\t<div class=\"elementor-column elementor-col-50 elementor-top-column elementor-element elementor-element-d1fa5e9\" data-id=\"d1fa5e9\" data-element_type=\"column\" data-e-type=\"column\">\n\t\t\t<div class=\"elementor-widget-wrap elementor-element-populated\">\n\t\t\t\t\t\t<div class=\"elementor-element elementor-element-a1b0000 elementor-widget__width-initial elementor-view-default elementor-widget elementor-widget-icon\" data-id=\"a1b0000\" data-element_type=\"widget\" data-e-type=\"widget\" data-widget_type=\"icon.default\">\n\t\t\t\t<div class=\"elementor-widget-container\">\n\t\t\t\t\t\t\t<div class=\"elementor-icon-wrapper\">\n\t\t\t<div class=\"elementor-icon\">\n\t\t\t<i aria-hidden=\"true\" class=\"fas fa-headphones\"><\/i>\t\t\t<\/div>\n\t\t<\/div>\n\t\t\t\t\t\t<\/div>\n\t\t\t\t<\/div>\n\t\t\t\t<div class=\"elementor-element elementor-element-809e6fd elementor-widget__width-initial elementor-widget elementor-widget-text-editor\" data-id=\"809e6fd\" data-element_type=\"widget\" data-e-type=\"widget\" data-widget_type=\"text-editor.default\">\n\t\t\t\t<div class=\"elementor-widget-container\">\n\t\t\t\t\t\t\t\t\t<h2 style=\"text-align: center;\">Wypo\u017cyczalnia nag\u0142o\u015bnienia i scen<\/h2>\t\t\t\t\t\t\t\t<\/div>\n\t\t\t\t<\/div>\n\t\t\t\t<div class=\"elementor-element elementor-element-8787c69 elementor-widget__width-initial elementor-widget elementor-widget-text-editor\" data-id=\"8787c69\" data-element_type=\"widget\" data-e-type=\"widget\" data-widget_type=\"text-editor.default\">\n\t\t\t\t<div class=\"elementor-widget-container\">\n\t\t\t\t\t\t\t\t\t<p>Potrzebujesz nag\u0142o\u015bnienia lub gotowych scen na imprez\u0119, koncert, urodziny, wesele, poprawiny, komuni\u0119, bankiet, przedstawienie lub prezentacj\u0119?<\/p><p>Dobrze trafi\u0142e\u015b! Musicoscala udost\u0119pnia do wynajmu podesty sceniczne, kolumny aktywne, mikrofony, miksery wraz z okablowaniem i stojakami.<\/p>\t\t\t\t\t\t\t\t<\/div>\n\t\t\t\t<\/div>\n\t\t\t\t\t<\/div>\n\t\t<\/div>\n\t\t\t\t\t<\/div>\n\t\t<\/section>\n\t\t\t\t<section class=\"elementor-section elementor-top-section elementor-element elementor-element-4179d06 elementor-section-boxed elementor-section-height-default elementor-section-height-default\" data-id=\"4179d06\" data-element_type=\"section\" data-e-type=\"section\">\n\t\t\t\t\t\t<div class=\"elementor-container elementor-column-gap-default\">\n\t\t\t\t\t<div class=\"elementor-column elementor-col-100 elementor-top-column elementor-element elementor-element-3951650\" data-id=\"3951650\" data-element_type=\"column\" data-e-type=\"column\">\n\t\t\t<div class=\"elementor-widget-wrap elementor-element-populated\">\n\t\t\t\t\t\t<div class=\"elementor-element elementor-element-8b88943 elementor-view-default elementor-widget elementor-widget-icon\" data-id=\"8b88943\" data-element_type=\"widget\" data-e-type=\"widget\" data-widget_type=\"icon.default\">\n\t\t\t\t<div class=\"elementor-widget-container\">\n\t\t\t\t\t\t\t<div class=\"elementor-icon-wrapper\">\n\t\t\t<div class=\"elementor-icon\">\n\t\t\t<i aria-hidden=\"true\" class=\"far fa-window-minimize\"><\/i>\t\t\t<\/div>\n\t\t<\/div>\n\t\t\t\t\t\t<\/div>\n\t\t\t\t<\/div>\n\t\t\t\t<div class=\"elementor-element elementor-element-b29301b elementor-widget elementor-widget-text-editor\" data-id=\"b29301b\" data-element_type=\"widget\" data-e-type=\"widget\" data-widget_type=\"text-editor.default\">\n\t\t\t\t<div class=\"elementor-widget-container\">\n\t\t\t\t\t\t\t\t\t<h1 style=\"text-align: center;\">Wynajem nag\u0142o\u015bnienia i scen (podest\u00f3w) &#8211; najwa\u017cniejsze informacje<\/h1>\n<ol>\n<li>\n<p>Wypo\u017cyczalnia dzia\u0142a na terenie wojew\u00f3dztwa podkarpackiego (Rzesz\u00f3w, \u0141a\u0144cut, Przeworsk, Jaros\u0142aw, Przemy\u015bl, Stalowa Wola), ma\u0142opolskiego (Krak\u00f3w, Tarn\u00f3w, Nowy S\u0105cz) oraz lubelskiego (Lublin, Kra\u015bnik, Jan\u00f3w Lubelski).<\/p>\n<\/li>\n<li>\n<p>Sound system rental lasts for the period specified by you, with the possibility of unlimited extension. No minimum period.<\/p>\n<\/li>\n<li>\n<p>Rental prices are determined individually. However, on average the minimum prices are as follows:<br>a) kolumna aktywna &#8211;&nbsp; 150 PLN,<br>b) kolumna aktywna z mikrofonem &#8211;&nbsp; 200 PLN,<br>c) zestaw mikser + 2 x kolumna + 2 x mikrofon &#8211; 500 PLN,<br>d) o\u015bwietlenie &#8211; 120 PLN,<br>e)&nbsp;<span style=\"font-family: 'Work Sans'; font-size: 14px; font-style: normal; font-variant-ligatures: normal; font-variant-caps: normal; font-weight: 400;\">podesty sceniczne \/ sceny \u2013 50 PLN\/dzie\u0144 za p\u0142yt\u0119 2\u00d71 m.<\/span><\/p>\n<\/li>\n<li>\n<p>Dostawa do indywidualnego ustalenia.<\/p>\n<\/li>\n<li>\n<p>Je\u015bli interesuje Ci\u0119 niewymieniony sprz\u0119t &#8211;&nbsp; skontaktuj si\u0119 z nami telefonicznie lub poprzez <a href=\"https:\/\/musicoscala.com\/en\/kontakt\/\">contact form<\/a>We cooperate with reliable music stores, so we will be happy to buy the model you choose so that you can rent it from us.<\/p>\n<\/li>\n<\/ol>\t\t\t\t\t\t\t\t<\/div>\n\t\t\t\t<\/div>\n\t\t\t\t\t<\/div>\n\t\t<\/div>\n\t\t\t\t\t<\/div>\n\t\t<\/section>\n\t\t\t\t<section class=\"elementor-section elementor-top-section elementor-element elementor-element-83e96e6 elementor-section-boxed elementor-section-height-default elementor-section-height-default\" data-id=\"83e96e6\" data-element_type=\"section\" data-e-type=\"section\">\n\t\t\t\t\t\t<div class=\"elementor-container elementor-column-gap-default\">\n\t\t\t\t\t<div class=\"elementor-column elementor-col-50 elementor-top-column elementor-element elementor-element-38d388f\" data-id=\"38d388f\" data-element_type=\"column\" data-e-type=\"column\">\n\t\t\t<div class=\"elementor-widget-wrap elementor-element-populated\">\n\t\t\t\t\t\t<div class=\"elementor-element elementor-element-665a55c elementor-widget elementor-widget-image\" data-id=\"665a55c\" data-element_type=\"widget\" data-e-type=\"widget\" data-widget_type=\"image.default\">\n\t\t\t\t<div class=\"elementor-widget-container\">\n\t\t\t\t\t\t\t\t\t\t\t\t\t\t\t<img decoding=\"async\" width=\"1024\" height=\"605\" src=\"https:\/\/musicoscala.com\/wp-content\/uploads\/2021\/12\/8-1024x605.jpg\" class=\"attachment-large size-large wp-image-355\" alt=\"nag\u0142o\u015bnienie g\u0142o\u015bnik piecyk wypo\u017cyczalnia instrument\u00f3w wynajem podkarpackie Rzesz\u00f3w ma\u0142opolskie Krak\u00f3w lubelskie Lublin\" srcset=\"https:\/\/musicoscala.com\/wp-content\/uploads\/2021\/12\/8-1024x605.jpg 1024w, https:\/\/musicoscala.com\/wp-content\/uploads\/2021\/12\/8-300x177.jpg 300w, https:\/\/musicoscala.com\/wp-content\/uploads\/2021\/12\/8-768x454.jpg 768w, https:\/\/musicoscala.com\/wp-content\/uploads\/2021\/12\/8-1536x907.jpg 1536w, https:\/\/musicoscala.com\/wp-content\/uploads\/2021\/12\/8-scaled.jpg 2048w, https:\/\/musicoscala.com\/wp-content\/uploads\/2021\/12\/8-600x354.jpg 600w, https:\/\/musicoscala.com\/wp-content\/uploads\/2021\/12\/8-64x38.jpg 64w\" sizes=\"(max-width: 1024px) 100vw, 1024px\" \/>\t\t\t\t\t\t\t\t\t\t\t\t\t\t\t<\/div>\n\t\t\t\t<\/div>\n\t\t\t\t\t<\/div>\n\t\t<\/div>\n\t\t\t\t<div class=\"elementor-column elementor-col-50 elementor-top-column elementor-element elementor-element-8cc2063\" data-id=\"8cc2063\" data-element_type=\"column\" data-e-type=\"column\">\n\t\t\t<div class=\"elementor-widget-wrap elementor-element-populated\">\n\t\t\t\t\t\t<div class=\"elementor-element elementor-element-f6dddde elementor-widget elementor-widget-image\" data-id=\"f6dddde\" data-element_type=\"widget\" data-e-type=\"widget\" data-widget_type=\"image.default\">\n\t\t\t\t<div class=\"elementor-widget-container\">\n\t\t\t\t\t\t\t\t\t\t\t\t\t\t\t<img decoding=\"async\" width=\"1024\" height=\"602\" src=\"https:\/\/musicoscala.com\/wp-content\/uploads\/2025\/07\/Scena-do-wynajecia-Rzeszow-1-1-1024x602.jpg\" class=\"attachment-large size-large wp-image-5400\" alt=\"\" srcset=\"https:\/\/musicoscala.com\/wp-content\/uploads\/2025\/07\/Scena-do-wynajecia-Rzeszow-1-1-1024x602.jpg 1024w, https:\/\/musicoscala.com\/wp-content\/uploads\/2025\/07\/Scena-do-wynajecia-Rzeszow-1-1-300x176.jpg 300w, https:\/\/musicoscala.com\/wp-content\/uploads\/2025\/07\/Scena-do-wynajecia-Rzeszow-1-1-768x451.jpg 768w, https:\/\/musicoscala.com\/wp-content\/uploads\/2025\/07\/Scena-do-wynajecia-Rzeszow-1-1-1536x902.jpg 1536w, https:\/\/musicoscala.com\/wp-content\/uploads\/2025\/07\/Scena-do-wynajecia-Rzeszow-1-1-18x12.jpg 18w, https:\/\/musicoscala.com\/wp-content\/uploads\/2025\/07\/Scena-do-wynajecia-Rzeszow-1-1-800x470.jpg 800w, https:\/\/musicoscala.com\/wp-content\/uploads\/2025\/07\/Scena-do-wynajecia-Rzeszow-1-1-600x353.jpg 600w, https:\/\/musicoscala.com\/wp-content\/uploads\/2025\/07\/Scena-do-wynajecia-Rzeszow-1-1-100x59.jpg 100w, https:\/\/musicoscala.com\/wp-content\/uploads\/2025\/07\/Scena-do-wynajecia-Rzeszow-1-1-64x38.jpg 64w, https:\/\/musicoscala.com\/wp-content\/uploads\/2025\/07\/Scena-do-wynajecia-Rzeszow-1-1.jpg 2000w\" sizes=\"(max-width: 1024px) 100vw, 1024px\">\t\t\t\t\t\t\t\t\t\t\t\t\t\t\t<\/div>\n\t\t\t\t<\/div>\n\t\t\t\t\t<\/div>\n\t\t<\/div>\n\t\t\t\t\t<\/div>\n\t\t<\/section>\n\t\t\t\t<\/div>","protected":false},"excerpt":{"rendered":"<p>Wypo\u017cyczalnia nag\u0142o\u015bnienia i scen Potrzebujesz nag\u0142o\u015bnienia lub gotowych scen na imprez\u0119, koncert, urodziny, wesele, poprawiny, komuni\u0119, bankiet, przedstawienie lub prezentacj\u0119? Dobrze trafi\u0142e\u015b! Musicoscala udost\u0119pnia do wynajmu podesty sceniczne, kolumny aktywne, mikrofony, miksery wraz z okablowaniem i stojakami. Wynajem nag\u0142o\u015bnienia i scen (podest\u00f3w) &#8211; najwa\u017cniejsze informacje Wypo\u017cyczalnia dzia\u0142a na terenie wojew\u00f3dztwa podkarpackiego (Rzesz\u00f3w, \u0141a\u0144cut, Przeworsk, Jaros\u0142aw, [&hellip;]<\/p>\n","protected":false},"author":1,"featured_media":2010,"parent":0,"menu_order":0,"comment_status":"closed","ping_status":"closed","template":"","meta":{"ocean_post_layout":"","ocean_both_sidebars_style":"","ocean_both_sidebars_content_width":0,"ocean_both_sidebars_sidebars_width":0,"ocean_sidebar":"0","ocean_second_sidebar":"0","ocean_disable_margins":"enable","ocean_add_body_class":"","ocean_shortcode_before_top_bar":"","ocean_shortcode_after_top_bar":"","ocean_shortcode_before_header":"","ocean_shortcode_after_header":"","ocean_has_shortcode":"","ocean_shortcode_after_title":"","ocean_shortcode_before_footer_widgets":"","ocean_shortcode_after_footer_widgets":"","ocean_shortcode_before_footer_bottom":"","ocean_shortcode_after_footer_bottom":"","ocean_display_top_bar":"default","ocean_display_header":"default","ocean_header_style":"","ocean_center_header_left_menu":"0","ocean_custom_header_template":"0","ocean_custom_logo":0,"ocean_custom_retina_logo":0,"ocean_custom_logo_max_width":0,"ocean_custom_logo_tablet_max_width":0,"ocean_custom_logo_mobile_max_width":0,"ocean_custom_logo_max_height":0,"ocean_custom_logo_tablet_max_height":0,"ocean_custom_logo_mobile_max_height":0,"ocean_header_custom_menu":"0","ocean_menu_typo_font_family":"0","ocean_menu_typo_font_subset":"","ocean_menu_typo_font_size":0,"ocean_menu_typo_font_size_tablet":0,"ocean_menu_typo_font_size_mobile":0,"ocean_menu_typo_font_size_unit":"px","ocean_menu_typo_font_weight":"","ocean_menu_typo_font_weight_tablet":"","ocean_menu_typo_font_weight_mobile":"","ocean_menu_typo_transform":"","ocean_menu_typo_transform_tablet":"","ocean_menu_typo_transform_mobile":"","ocean_menu_typo_line_height":0,"ocean_menu_typo_line_height_tablet":0,"ocean_menu_typo_line_height_mobile":0,"ocean_menu_typo_line_height_unit":"","ocean_menu_typo_spacing":0,"ocean_menu_typo_spacing_tablet":0,"ocean_menu_typo_spacing_mobile":0,"ocean_menu_typo_spacing_unit":"","ocean_menu_link_color":"","ocean_menu_link_color_hover":"","ocean_menu_link_color_active":"","ocean_menu_link_background":"","ocean_menu_link_hover_background":"","ocean_menu_link_active_background":"","ocean_menu_social_links_bg":"","ocean_menu_social_hover_links_bg":"","ocean_menu_social_links_color":"","ocean_menu_social_hover_links_color":"","ocean_disable_title":"default","ocean_disable_heading":"default","ocean_post_title":"","ocean_post_subheading":"","ocean_post_title_style":"","ocean_post_title_background_color":"","ocean_post_title_background":0,"ocean_post_title_bg_image_position":"","ocean_post_title_bg_image_attachment":"","ocean_post_title_bg_image_repeat":"","ocean_post_title_bg_image_size":"","ocean_post_title_height":0,"ocean_post_title_bg_overlay":0.5,"ocean_post_title_bg_overlay_color":"","ocean_disable_breadcrumbs":"default","ocean_breadcrumbs_color":"","ocean_breadcrumbs_separator_color":"","ocean_breadcrumbs_links_color":"","ocean_breadcrumbs_links_hover_color":"","ocean_display_footer_widgets":"default","ocean_display_footer_bottom":"default","ocean_custom_footer_template":"0","footnotes":""},"class_list":["post-2009","page","type-page","status-publish","has-post-thumbnail","hentry","entry","has-media","owp-thumbs-layout-horizontal","owp-btn-normal","owp-tabs-layout-horizontal","has-no-thumbnails"],"jetpack_sharing_enabled":true,"_links":{"self":[{"href":"https:\/\/musicoscala.com\/en\/wp-json\/wp\/v2\/pages\/2009","targetHints":{"allow":["GET"]}}],"collection":[{"href":"https:\/\/musicoscala.com\/en\/wp-json\/wp\/v2\/pages"}],"about":[{"href":"https:\/\/musicoscala.com\/en\/wp-json\/wp\/v2\/types\/page"}],"author":[{"embeddable":true,"href":"https:\/\/musicoscala.com\/en\/wp-json\/wp\/v2\/users\/1"}],"replies":[{"embeddable":true,"href":"https:\/\/musicoscala.com\/en\/wp-json\/wp\/v2\/comments?post=2009"}],"version-history":[{"count":130,"href":"https:\/\/musicoscala.com\/en\/wp-json\/wp\/v2\/pages\/2009\/revisions"}],"predecessor-version":[{"id":5531,"href":"https:\/\/musicoscala.com\/en\/wp-json\/wp\/v2\/pages\/2009\/revisions\/5531"}],"wp:featuredmedia":[{"embeddable":true,"href":"https:\/\/musicoscala.com\/en\/wp-json\/wp\/v2\/media\/2010"}],"wp:attachment":[{"href":"https:\/\/musicoscala.com\/en\/wp-json\/wp\/v2\/media?parent=2009"}],"curies":[{"name":"wp","href":"https:\/\/api.w.org\/{rel}","templated":true}]}}