{"id":5612,"date":"2025-09-01T06:07:44","date_gmt":"2025-09-01T05:07:44","guid":{"rendered":"https:\/\/musicoscala.com\/?page_id=5612"},"modified":"2026-02-15T10:27:16","modified_gmt":"2026-02-15T09:27:16","slug":"zajecia-muzyczne-dla-dzieci-rzeszow","status":"publish","type":"page","link":"https:\/\/musicoscala.com\/en\/zajecia-muzyczne-dla-dzieci-rzeszow\/","title":{"rendered":"Zaj\u0119cia muzyczne dla dzieci Rzesz\u00f3w"},"content":{"rendered":"<div data-elementor-type=\"wp-page\" data-elementor-id=\"5612\" class=\"elementor elementor-5612\" data-elementor-post-type=\"page\">\n\t\t\t\t\t\t<section class=\"elementor-section elementor-top-section elementor-element elementor-element-2cece57 elementor-section-boxed elementor-section-height-default elementor-section-height-default\" data-id=\"2cece57\" data-element_type=\"section\" data-e-type=\"section\">\n\t\t\t\t\t\t<div class=\"elementor-container elementor-column-gap-default\">\n\t\t\t\t\t<div class=\"elementor-column elementor-col-100 elementor-top-column elementor-element elementor-element-f365169\" data-id=\"f365169\" data-element_type=\"column\" data-e-type=\"column\">\n\t\t\t<div class=\"elementor-widget-wrap elementor-element-populated\">\n\t\t\t\t\t\t<section class=\"elementor-section elementor-inner-section elementor-element elementor-element-1c7b384 elementor-section-boxed elementor-section-height-default elementor-section-height-default\" data-id=\"1c7b384\" data-element_type=\"section\" data-e-type=\"section\">\n\t\t\t\t\t\t<div class=\"elementor-container elementor-column-gap-default\">\n\t\t\t\t\t<div class=\"elementor-column elementor-col-50 elementor-inner-column elementor-element elementor-element-19af4b9\" data-id=\"19af4b9\" data-element_type=\"column\" data-e-type=\"column\">\n\t\t\t<div class=\"elementor-widget-wrap elementor-element-populated\">\n\t\t\t\t\t\t<div class=\"elementor-element elementor-element-f969f13 elementor-widget elementor-widget-image\" data-id=\"f969f13\" data-element_type=\"widget\" data-e-type=\"widget\" data-widget_type=\"image.default\">\n\t\t\t\t<div class=\"elementor-widget-container\">\n\t\t\t\t\t\t\t\t\t\t\t\t\t\t\t<img fetchpriority=\"high\" decoding=\"async\" width=\"1024\" height=\"573\" src=\"https:\/\/musicoscala.com\/wp-content\/uploads\/2025\/09\/Grupa-3-letnich-szczesliwych-dzieci-polakow-na-zajeciach-muzycznych-1024x573.jpg\" class=\"attachment-large size-large wp-image-5617\" alt=\"Zaj\u0119cia muzyczne dla dzieci Rzesz\u00f3w\" srcset=\"https:\/\/musicoscala.com\/wp-content\/uploads\/2025\/09\/Grupa-3-letnich-szczesliwych-dzieci-polakow-na-zajeciach-muzycznych-1024x573.jpg 1024w, https:\/\/musicoscala.com\/wp-content\/uploads\/2025\/09\/Grupa-3-letnich-szczesliwych-dzieci-polakow-na-zajeciach-muzycznych-300x168.jpg 300w, https:\/\/musicoscala.com\/wp-content\/uploads\/2025\/09\/Grupa-3-letnich-szczesliwych-dzieci-polakow-na-zajeciach-muzycznych-768x430.jpg 768w, https:\/\/musicoscala.com\/wp-content\/uploads\/2025\/09\/Grupa-3-letnich-szczesliwych-dzieci-polakow-na-zajeciach-muzycznych-800x448.jpg 800w, https:\/\/musicoscala.com\/wp-content\/uploads\/2025\/09\/Grupa-3-letnich-szczesliwych-dzieci-polakow-na-zajeciach-muzycznych-600x336.jpg 600w, https:\/\/musicoscala.com\/wp-content\/uploads\/2025\/09\/Grupa-3-letnich-szczesliwych-dzieci-polakow-na-zajeciach-muzycznych-100x56.jpg 100w, https:\/\/musicoscala.com\/wp-content\/uploads\/2025\/09\/Grupa-3-letnich-szczesliwych-dzieci-polakow-na-zajeciach-muzycznych-64x36.jpg 64w, https:\/\/musicoscala.com\/wp-content\/uploads\/2025\/09\/Grupa-3-letnich-szczesliwych-dzieci-polakow-na-zajeciach-muzycznych.jpg 1600w\" sizes=\"(max-width: 1024px) 100vw, 1024px\" \/>\t\t\t\t\t\t\t\t\t\t\t\t\t\t\t<\/div>\n\t\t\t\t<\/div>\n\t\t\t\t\t<\/div>\n\t\t<\/div>\n\t\t\t\t<div class=\"elementor-column elementor-col-50 elementor-inner-column elementor-element elementor-element-1b33768\" data-id=\"1b33768\" data-element_type=\"column\" data-e-type=\"column\">\n\t\t\t<div class=\"elementor-widget-wrap elementor-element-populated\">\n\t\t\t\t\t\t<div class=\"elementor-element elementor-element-01020c6 elementor-widget elementor-widget-heading\" data-id=\"01020c6\" data-element_type=\"widget\" data-e-type=\"widget\" data-widget_type=\"heading.default\">\n\t\t\t\t<div class=\"elementor-widget-container\">\n\t\t\t\t\t<h2 class=\"elementor-heading-title elementor-size-default\">Zaj\u0119cia muzyczno-rytmiczne dla dzieci <br>w wieku 3-6 lat:<\/h2>\t\t\t\t<\/div>\n\t\t\t\t<\/div>\n\t\t\t\t<div class=\"elementor-element elementor-element-f3d45b9 elementor-widget elementor-widget-text-editor\" data-id=\"f3d45b9\" data-element_type=\"widget\" data-e-type=\"widget\" data-widget_type=\"text-editor.default\">\n\t\t\t\t<div class=\"elementor-widget-container\">\n\t\t\t\t\t\t\t\t\t<p>Na zaj\u0119ciach bawimy si\u0119, \u015bpiewamy, gramy na instrumentach perkusyjnych i melodycznych (np. dzwonki), korzystaj\u0105c z metody kolorowych d\u017awi\u0119k\u00f3w. Uczymy si\u0119 popularnych piosenek, improwizujemy ruchem do muzyki, kszta\u0142c\u0105c i rozwijaj\u0105c poczucie rytmu. Uczymy si\u0119 aktywnie s\u0142ucha\u0107 muzyki, korzystaj\u0105c z metody B. Strauss. Na zaj\u0119ciach korzystamy pomocy dydaktycznych m. in.. instrument\u00f3w perkusyjnych, dzwonk\u00f3w naciskanych i innych pomocy ruchowych.\u00a0<\/p>\t\t\t\t\t\t\t\t<\/div>\n\t\t\t\t<\/div>\n\t\t\t\t<div class=\"elementor-element elementor-element-77dd51c elementor-widget elementor-widget-heading\" data-id=\"77dd51c\" data-element_type=\"widget\" data-e-type=\"widget\" data-widget_type=\"heading.default\">\n\t\t\t\t<div class=\"elementor-widget-container\">\n\t\t\t\t\t<h4 class=\"elementor-heading-title elementor-size-default\">Zapisz swoje dziecko, a zobaczysz jak z nami si\u0119 rozwija!<\/h4>\t\t\t\t<\/div>\n\t\t\t\t<\/div>\n\t\t\t\t\t<\/div>\n\t\t<\/div>\n\t\t\t\t\t<\/div>\n\t\t<\/section>\n\t\t\t\t\t<\/div>\n\t\t<\/div>\n\t\t\t\t\t<\/div>\n\t\t<\/section>\n\t\t\t\t<section class=\"elementor-section elementor-top-section elementor-element elementor-element-6b0ba11 elementor-section-boxed elementor-section-height-default elementor-section-height-default\" data-id=\"6b0ba11\" data-element_type=\"section\" data-e-type=\"section\">\n\t\t\t\t\t\t<div class=\"elementor-container elementor-column-gap-default\">\n\t\t\t\t\t<div class=\"elementor-column elementor-col-100 elementor-top-column elementor-element elementor-element-6887212\" data-id=\"6887212\" data-element_type=\"column\" data-e-type=\"column\">\n\t\t\t<div class=\"elementor-widget-wrap elementor-element-populated\">\n\t\t\t\t\t\t<div class=\"elementor-element elementor-element-126f5b6 elementor-view-default elementor-widget elementor-widget-icon\" data-id=\"126f5b6\" data-element_type=\"widget\" data-e-type=\"widget\" data-widget_type=\"icon.default\">\n\t\t\t\t<div class=\"elementor-widget-container\">\n\t\t\t\t\t\t\t<div class=\"elementor-icon-wrapper\">\n\t\t\t<div class=\"elementor-icon\">\n\t\t\t<i aria-hidden=\"true\" class=\"far fa-window-minimize\"><\/i>\t\t\t<\/div>\n\t\t<\/div>\n\t\t\t\t\t\t<\/div>\n\t\t\t\t<\/div>\n\t\t\t\t\t<\/div>\n\t\t<\/div>\n\t\t\t\t\t<\/div>\n\t\t<\/section>\n\t\t\t\t<section class=\"elementor-section elementor-top-section elementor-element elementor-element-b6964f1 elementor-section-boxed elementor-section-height-default elementor-section-height-default\" data-id=\"b6964f1\" data-element_type=\"section\" data-e-type=\"section\">\n\t\t\t\t\t\t<div class=\"elementor-container elementor-column-gap-default\">\n\t\t\t\t\t<div class=\"elementor-column elementor-col-100 elementor-top-column elementor-element elementor-element-64769df\" data-id=\"64769df\" data-element_type=\"column\" data-e-type=\"column\">\n\t\t\t<div class=\"elementor-widget-wrap elementor-element-populated\">\n\t\t\t\t\t\t<div class=\"elementor-element elementor-element-f49ab03 elementor-widget elementor-widget-heading\" data-id=\"f49ab03\" data-element_type=\"widget\" data-e-type=\"widget\" data-widget_type=\"heading.default\">\n\t\t\t\t<div class=\"elementor-widget-container\">\n\t\t\t\t\t<h2 class=\"elementor-heading-title elementor-size-default\">Zasady organizacji zaj\u0119\u0107 muzycznych dla dzieci od 01.09.2025:<\/h2>\t\t\t\t<\/div>\n\t\t\t\t<\/div>\n\t\t\t\t<div class=\"elementor-element elementor-element-4abb63d elementor-widget elementor-widget-text-editor\" data-id=\"4abb63d\" data-element_type=\"widget\" data-e-type=\"widget\" data-widget_type=\"text-editor.default\">\n\t\t\t\t<div class=\"elementor-widget-container\">\n\t\t\t\t\t\t\t\t\t<ol>\n<li>Zaj\u0119cia odbywaj\u0105 si\u0119 w ustalony z rodzicami dzie\u0144 i o ustalonej godzinie. Czas trwania zaj\u0119\u0107: 45 min.<\/li>\n<li style=\"font-size: 14px;\">Zaj\u0119cia prowadzimy w dni nauki szk\u00f3\u0142 podstawowych w woj. podkarpackim.<\/li>\n<li style=\"font-size: 14px;\">Zaj\u0119\u0107 nie prowadzimy w dni wolne od nauki szkolnej w woj. podkarpackim. W roku szkolnym 2025\/2026 s\u0105 to: 11.11, 22.12-06.01, 02.04-07.04, 01.05, 04.06, 29.06-30.06. Op\u0142aty nie podlegaj\u0105 zwrotowi.&nbsp;<span style=\"font-variant-ligatures: normal; font-variant-caps: normal; font-family: &quot;Work Sans&quot;; font-size: 14px; font-style: normal; font-weight: 400; text-decoration-line: underline;\">Wyj\u0105tek:<\/span><span style=\"font-family: &quot;Work Sans&quot;; font-size: 14px; font-style: normal; font-variant-ligatures: normal; font-variant-caps: normal; font-weight: 400;\">&nbsp;po wcze\u015bniejszym zg\u0142oszeniu braku obecno\u015bci na lekcjach na zimowych feriach szkolnych w dniach 16.02-01.03, istnieje mo\u017cliwo\u015b\u0107 pomniejszenia miesi\u0119cznej op\u0142aty rycza\u0142towej, proporcjonalnie do zadeklarowanej obecno\u015bci na feriach.<\/span><\/li>\n<li>Koszty niezb\u0119dnych materia\u0142\u00f3w, narz\u0119dzi, licencji pokrywa szko\u0142a muzyczna.<\/li>\n<li>Warunkiem uczestnictwa w zaj\u0119ciach jest op\u0142acenie czesnego za ka\u017cdy miesi\u0105c kalendarzowy z g\u00f3ry, najp\u00f3\u017aniej w dniu pierwszych zaj\u0119\u0107 w danym miesi\u0105cu. Warto\u015b\u0107 czesnego wynosi 120 PLN\/miesi\u0105c, niezale\u017cnie od obecno\u015bci na zaj\u0119ciach.<\/li>\n<li>P\u0142atno\u015bci za czesne dokonuje si\u0119&nbsp;poprzez przelew na rachunek bankowy nr 65 1870 1045 2078 1088 8544 0001.<\/li>\n<li style=\"font-size: 14px;\">W przypadku nieobecno\u015bci na zaj\u0119ciach, \u015brodki pieni\u0119\u017cne nie podlegaj\u0105 zwrotowi. Zach\u0119camy do informowania nauczyciela o planowanych nieobecno\u015bciach.<\/li>\n<li style=\"font-size: 14px;\">W sytuacji, gdy nauczyciel prowadz\u0105cy nie b\u0119dzie m\u00f3g\u0142 przeprowadzi\u0107 zaj\u0119\u0107, lekcj\u0119 poprowadzi nauczyciel zast\u0119puj\u0105cy lub zostan\u0105 zaproponowane 2 terminy odrabiania zaj\u0119\u0107. Je\u015bli \u017caden z termin\u00f3w nie zostanie zaakceptowany przez rodzic\u00f3w \u2013 lekcj\u0119 uznaje si\u0119 za przeprowadzon\u0105.<\/li>\n<li>Ch\u0119\u0107 odst\u0105pienia od uczestnictwa w zaj\u0119ciach mo\u017cna z\u0142o\u017cy\u0107 w ka\u017cdym momencie u instruktora lub dyrektora szko\u0142y. Rezygnacja jest skuteczna na ostatnie zaj\u0119cia w miesi\u0105cu kalendarzowym. Mo\u017cna zrezygnowa\u0107 z uczestnictwa w zaj\u0119ciach wcze\u015bniej, jednak\u017ce \u015brodki pieni\u0119\u017cne za op\u0142acony miesi\u0105c nie podlegaj\u0105 zwrotowi.<\/li>\n<\/ol>\n<div>&nbsp;<\/div>\n<div>\n<p>Je\u015bli interesuj\u0105 Ci\u0119 zagadnienia muzyczne niewymienione powy\u017cej \u2013 zadzwo\u0144, napisz do nas lub skontaktuj si\u0119 za pomoc\u0105&nbsp;<a href=\"https:\/\/musicoscala.com\/en\/kontakt\/\">formularza<\/a>.<\/p>\n<p>B\u0105d\u017a na bie\u017c\u0105co i \u015bled\u017a nas na&nbsp;<a href=\"https:\/\/www.facebook.com\/musicoscala\" target=\"_blank\" rel=\"noopener\">Facebooku<\/a>&nbsp;lub&nbsp;<a href=\"https:\/\/www.instagram.com\/musicoscala\/\" target=\"_blank\" rel=\"noopener\">Instagramie<\/a>.<\/p>\n<\/div>\t\t\t\t\t\t\t\t<\/div>\n\t\t\t\t<\/div>\n\t\t\t\t\t<\/div>\n\t\t<\/div>\n\t\t\t\t\t<\/div>\n\t\t<\/section>\n\t\t\t\t<\/div>","protected":false},"excerpt":{"rendered":"<p>Zaj\u0119cia muzyczno-rytmiczne dla dzieci w wieku 3-6 lat: Na zaj\u0119ciach bawimy si\u0119, \u015bpiewamy, gramy na instrumentach perkusyjnych i melodycznych (np. dzwonki), korzystaj\u0105c z metody kolorowych d\u017awi\u0119k\u00f3w. Uczymy si\u0119 popularnych piosenek, improwizujemy ruchem do muzyki, kszta\u0142c\u0105c i rozwijaj\u0105c poczucie rytmu. Uczymy si\u0119 aktywnie s\u0142ucha\u0107 muzyki, korzystaj\u0105c z metody B. Strauss. Na zaj\u0119ciach korzystamy pomocy dydaktycznych m. [&hellip;]<\/p>\n","protected":false},"author":1,"featured_media":0,"parent":0,"menu_order":0,"comment_status":"closed","ping_status":"closed","template":"","meta":{"ocean_post_layout":"","ocean_both_sidebars_style":"","ocean_both_sidebars_content_width":0,"ocean_both_sidebars_sidebars_width":0,"ocean_sidebar":"0","ocean_second_sidebar":"0","ocean_disable_margins":"enable","ocean_add_body_class":"","ocean_shortcode_before_top_bar":"","ocean_shortcode_after_top_bar":"","ocean_shortcode_before_header":"","ocean_shortcode_after_header":"","ocean_has_shortcode":"","ocean_shortcode_after_title":"","ocean_shortcode_before_footer_widgets":"","ocean_shortcode_after_footer_widgets":"","ocean_shortcode_before_footer_bottom":"","ocean_shortcode_after_footer_bottom":"","ocean_display_top_bar":"default","ocean_display_header":"default","ocean_header_style":"","ocean_center_header_left_menu":"0","ocean_custom_header_template":"0","ocean_custom_logo":0,"ocean_custom_retina_logo":0,"ocean_custom_logo_max_width":0,"ocean_custom_logo_tablet_max_width":0,"ocean_custom_logo_mobile_max_width":0,"ocean_custom_logo_max_height":0,"ocean_custom_logo_tablet_max_height":0,"ocean_custom_logo_mobile_max_height":0,"ocean_header_custom_menu":"0","ocean_menu_typo_font_family":"0","ocean_menu_typo_font_subset":"","ocean_menu_typo_font_size":0,"ocean_menu_typo_font_size_tablet":0,"ocean_menu_typo_font_size_mobile":0,"ocean_menu_typo_font_size_unit":"px","ocean_menu_typo_font_weight":"","ocean_menu_typo_font_weight_tablet":"","ocean_menu_typo_font_weight_mobile":"","ocean_menu_typo_transform":"","ocean_menu_typo_transform_tablet":"","ocean_menu_typo_transform_mobile":"","ocean_menu_typo_line_height":0,"ocean_menu_typo_line_height_tablet":0,"ocean_menu_typo_line_height_mobile":0,"ocean_menu_typo_line_height_unit":"","ocean_menu_typo_spacing":0,"ocean_menu_typo_spacing_tablet":0,"ocean_menu_typo_spacing_mobile":0,"ocean_menu_typo_spacing_unit":"","ocean_menu_link_color":"","ocean_menu_link_color_hover":"","ocean_menu_link_color_active":"","ocean_menu_link_background":"","ocean_menu_link_hover_background":"","ocean_menu_link_active_background":"","ocean_menu_social_links_bg":"","ocean_menu_social_hover_links_bg":"","ocean_menu_social_links_color":"","ocean_menu_social_hover_links_color":"","ocean_disable_title":"default","ocean_disable_heading":"default","ocean_post_title":"","ocean_post_subheading":"","ocean_post_title_style":"","ocean_post_title_background_color":"","ocean_post_title_background":0,"ocean_post_title_bg_image_position":"","ocean_post_title_bg_image_attachment":"","ocean_post_title_bg_image_repeat":"","ocean_post_title_bg_image_size":"","ocean_post_title_height":0,"ocean_post_title_bg_overlay":0.5,"ocean_post_title_bg_overlay_color":"","ocean_disable_breadcrumbs":"default","ocean_breadcrumbs_color":"","ocean_breadcrumbs_separator_color":"","ocean_breadcrumbs_links_color":"","ocean_breadcrumbs_links_hover_color":"","ocean_display_footer_widgets":"default","ocean_display_footer_bottom":"default","ocean_custom_footer_template":"0","footnotes":""},"class_list":["post-5612","page","type-page","status-publish","hentry","entry","owp-thumbs-layout-horizontal","owp-btn-normal","owp-tabs-layout-horizontal","has-no-thumbnails"],"jetpack_sharing_enabled":true,"_links":{"self":[{"href":"https:\/\/musicoscala.com\/en\/wp-json\/wp\/v2\/pages\/5612","targetHints":{"allow":["GET"]}}],"collection":[{"href":"https:\/\/musicoscala.com\/en\/wp-json\/wp\/v2\/pages"}],"about":[{"href":"https:\/\/musicoscala.com\/en\/wp-json\/wp\/v2\/types\/page"}],"author":[{"embeddable":true,"href":"https:\/\/musicoscala.com\/en\/wp-json\/wp\/v2\/users\/1"}],"replies":[{"embeddable":true,"href":"https:\/\/musicoscala.com\/en\/wp-json\/wp\/v2\/comments?post=5612"}],"version-history":[{"count":46,"href":"https:\/\/musicoscala.com\/en\/wp-json\/wp\/v2\/pages\/5612\/revisions"}],"predecessor-version":[{"id":6478,"href":"https:\/\/musicoscala.com\/en\/wp-json\/wp\/v2\/pages\/5612\/revisions\/6478"}],"wp:attachment":[{"href":"https:\/\/musicoscala.com\/en\/wp-json\/wp\/v2\/media?parent=5612"}],"curies":[{"name":"wp","href":"https:\/\/api.w.org\/{rel}","templated":true}]}}