{"id":6202,"date":"2025-12-31T07:40:32","date_gmt":"2025-12-31T06:40:32","guid":{"rendered":"https:\/\/musicoscala.com\/?page_id=6202"},"modified":"2025-12-31T07:40:32","modified_gmt":"2025-12-31T06:40:32","slug":"polityka-prywatnosci-2","status":"publish","type":"page","link":"https:\/\/musicoscala.com\/en\/polityka-prywatnosci-2\/","title":{"rendered":"Privacy"},"content":{"rendered":"<h1 class=\"wp-block-heading\" style=\"text-align: center;\"><strong>Privacy<\/strong><\/h1>\r\n<ol>\r\n<li>Klient, poprzez wype\u0142nienie formularza zakupu i potwierdzenie zakupu oraz akceptacj\u0119 <a href=\"https:\/\/musicoscala.com\/wp-content\/uploads\/2024\/01\/Regulamin-sklepu.pdf\">Regulaminu<\/a> poprzez naci\u015bni\u0119cie przycisku \u201ekupuj\u0119 i p\u0142ac\u0119\u201d przy stosownym o\u015bwiadczeniu, wyra\u017ca zgod\u0119 na zbieranie i przetwarzanie jego danych osobowych zgodnie z Ustaw\u0105 o ochronie danych osobowych z dnia 29.08.1997 r. (Dz. U. z 2002 r. Nr 101, poz. 926 ze zm.) przez Administratora w celu niezb\u0119dnym do wykonania postanowie\u0144 Regulaminu i \u015bwiadczonych na jego podstawie us\u0142ug.<\/li>\r\n<li>Administratorem Danych osobowych jest firma\u00a0Marcin Ka\u0142awaj z siedzib\u0105 w Bihalach, nr 19, 37-631 Nowa Grobla, o nr. NIP 793-163-24-09,\u00a0kt\u00f3rej w\u0142a\u015bcicielem jest Marcin Ka\u0142awaj.<\/li>\r\n<li>Administrator Danych powierzy\u0142 przetwarzanie danych osobowych Marcinowi Ka\u0142awajowi. Kontakt: tel. +48\u00a0793 246 97, orders@musicoscala.com.<\/li>\r\n<li>Administrator uprawniony jest do ujawnienia danych osobowych wy\u0142\u0105cznie podmiotom upowa\u017cnionym na podstawie w\u0142a\u015bciwych przepis\u00f3w prawa, zgodnie z postanowieniami Regulaminu i obowi\u0105zuj\u0105cymi przepisami prawa.<\/li>\r\n<li>U\u017cytkownik ma prawo wgl\u0105du oraz modyfikacji swoich danych osobowych w ka\u017cdym czasie,\u00a0<br \/>jak r\u00f3wnie\u017c natychmiastowego ich usuni\u0119cia po zg\u0142oszeniu Administratorowi, kt\u00f3ry dokonuje\u00a0na \u017cyczenie U\u017cytkownika modyfikacji lub ca\u0142kowitego usuni\u0119cia danych.<\/li>\r\n<li>Gromadzone s\u0105 jedynie dane osobowe podane przez Klienta dobrowolnie. Dane przetwarzane s\u0105 w celu niezb\u0119dnym do wykonania postanowie\u0144 Regulaminu, a w szczeg\u00f3lno\u015bci w celu:\r\n<ol>\r\n<li>zawarcia Umowy sprzeda\u017cy zam\u00f3wionego Towaru lub Us\u0142ugi;<\/li>\r\n<li>dor\u0119czenia Klientowi Towaru, na kt\u00f3ry Klient z\u0142o\u017cy\u0142 zam\u00f3wienie, lub wykonanie zam\u00f3wionej Us\u0142ugi;<\/li>\r\n<li>wystawienia dokumentu potwierdzaj\u0105cego dokonanie transakcji;<\/li>\r\n<li>zaksi\u0119gowania transakcji w informatycznym systemie ksi\u0119gowym Sklepu przez okres wymagany przepisami prawa oraz przechowania danych osobowych w informatycznym systemie ksi\u0119gowym dla zapewnienia historii transakcji handlowych dokonywanych przez Sklep;<\/li>\r\n<li>przechowania danych osobowych Klienta w bazie Klient\u00f3w (dla Klient\u00f3w posiadaj\u0105cych Konto Klienta).<\/li>\r\n<\/ol>\r\n<\/li>\r\n<li>Za dodatkow\u0105 zgod\u0105 udzielon\u0105 przez Klienta, zgromadzone dane osobowe \u00a0mog\u0105 by\u0107 r\u00f3wnie\u017c wykorzystywane w celach promocyjnych i marketingowych, w tym w szczeg\u00f3lno\u015bci w celu przedstawiania Klientowi oferty handlowej sklepu oraz innych informacji marketingowych zwi\u0105zanych ze Sklepem.<\/li>\r\n<li>W przypadku subskrypcji Newslettera oraz wyra\u017cenia zgody na jego otrzymywanie w procesie rejestracji lub sk\u0142adania zam\u00f3wienia (wyra\u017cenia zgody na otrzymywanie informacji handlowej droga elektroniczn\u0105), konieczne jest jedynie podanie w tym celu adresu e-mail, na kt\u00f3ry przesy\u0142ane b\u0119d\u0105 informacje handlowe od Administratora. Z przesy\u0142ania takich informacji Klient mo\u017ce w ka\u017cdej chwili zrezygnowa\u0107, loguj\u0105c si\u0119 na swoje konto w Sklepie lub klikaj\u0105c link anuluj\u0105cy subskrypcj\u0119 \u00a0znajduj\u0105cy si\u0119 w stopce ka\u017cdego Newslettera.<\/li>\r\n<li>Dane podane w trakcie sk\u0142adania zam\u00f3wienia s\u0105 przetwarzane r\u00f3wnie\u017c przez \u00a0nast\u0119puj\u0105ce podmioty w podanym zakresie: imi\u0119 i nazwisko, adres, telefon, e-mail, NIP wskazane jako adres dostawy przekazywane s\u0105 firmom przewozowym w postaci etykiety\/listu przewozowego b\u0119d\u0105cego jednocze\u015bnie zleceniem dor\u0119czenia przesy\u0142ki. <br \/>W zale\u017cno\u015bci od wybranego rodzaju przesy\u0142ki i p\u0142atno\u015bci mog\u0105 by\u0107 przekazywane:\r\n<ol>\r\n<li>wybranemu przez Klienta przewo\u017anikowi lub po\u015brednikowi realizuj\u0105cemu przesy\u0142ki, w przypadku takiej formy dostawy;<\/li>\r\n<li>wybranemu przez Klienta podmiotowi obs\u0142uguj\u0105cemu p\u0142atno\u015bci, w przypadku p\u0142atno\u015bci elektronicznych lub kart\u0105 p\u0142atnicz\u0105.<\/li>\r\n<\/ol>\r\n<\/li>\r\n<li>Klient w ka\u017cdej chwili ma prawo dost\u0119pu do tre\u015bci swoich danych osobowych, prawo do ich poprawienia oraz \u017c\u0105dania ich usuni\u0119cia.<\/li>\r\n<li>Administrator informuje, i\u017c Klient nie ma obowi\u0105zku podania swoich danych osobowych, jednak\u017ce odmowa ich podania uniemo\u017cliwi prawid\u0142owe wykonanie wobec Klienta us\u0142ug okre\u015blonych w Regulaminie oraz \u015bwiadcze\u0144 wynikaj\u0105cych <br \/>z umowy zawieranej miedzy Sklepem a Klientem.<\/li>\r\n<li>Zgromadzone dane podlegaj\u0105 starannej ochronie, zgodnie z obowi\u0105zuj\u0105cymi przepisami. Administrator dok\u0142ada wszelkich stara\u0144, aby przechowywanym danym zapewni\u0107 w\u0142a\u015bciwy stopie\u0144 bezpiecze\u0144stwa.<\/li>\r\n<li>W Sklepie wykorzystane s\u0105 pliki typu Cookies. Podczas odwiedzin przez Klienta serwisu Sklepu, system Sklepu wysy\u0142a do komputera Klienta co najmniej jeden plik Cookies, w celu jednoznacznego zidentyfikowania przegl\u0105darki. Serwer sklepu automatycznie rejestruje informacje przesy\u0142ane przez przegl\u0105dark\u0119 Klienta w czasie wy\u015bwietlania witryn. Dzienniki serwera mog\u0105 zawiera\u0107 informacje takie jak \u017c\u0105danie sieciowe, adres IP, typ i j\u0119zyk przegl\u0105darki, data i godzina przes\u0142ania \u017c\u0105dania. Te informacje pozwalaj\u0105 podnosi\u0107 jako\u015b\u0107 naszych us\u0142ug dzi\u0119ki identyfikowaniu i przechowywaniu preferencji Klient\u00f3w oraz \u015bledzeniu trend\u00f3w, takich jak na przyk\u0142ad sposoby w jakich przeszukiwana jest nasza strona. Klient mo\u017ce zabroni\u0107 odbierania plik\u00f3w Cookies, przez co pozostanie anonimowy, aczkolwiek nie zezwalaj\u0105c na rejestracj\u0119 plik\u00f3w Cookies, Sklep nie b\u0119dzie m\u00f3g\u0142 zidentyfikowa\u0107 Klienta ani jego preferencji.<\/li>\r\n<li>Sklep informuje Klient\u00f3w, i\u017c oferowane us\u0142ugi za po\u015brednictwem Sklepu \u015bwiadczone s\u0105 za po\u015brednictwem publicznej sieci Internet. W zwi\u0105zku z powy\u017cszym Sklep zwraca uwag\u0119 Klient\u00f3w na to, i\u017c korzystanie z us\u0142ug Sklepu mo\u017ce wi\u0105za\u0107 si\u0119 z ryzykiem zwi\u0105zanym z ingerencj\u0105 os\u00f3b trzecich w transmisj\u0119 danych przesy\u0142anych za po\u015brednictwem sieci Internet pomi\u0119dzy Sklepem a Klientem.<\/li>\r\n<li>Informacja o zasadach i sposobach utrwalania, zabezpieczania i udost\u0119pniania przez Sklep drugiej stronie tre\u015bci zawieranej umowy:\r\n<ol>\r\n<li>Utrwalenie, zabezpieczenie i udost\u0119pnienie tre\u015bci zawieranej umowy nast\u0119puje przez przes\u0142anie stosownej wiadomo\u015bci e-mail po zawarciu Umowy Sprzeda\u017cy.<\/li>\r\n<li>Utrwalenie, zabezpieczenie i udost\u0119pnienie tre\u015bci zawieranej Umowy Sprzeda\u017cy nast\u0119puje przez wys\u0142anie Klientowi na podany adres e-mail tre\u015bci zawieranej umowy lub przez przekazanie Klientowi specyfikacji Zam\u00f3wienia oraz dowodu zakupu.<\/li>\r\n<li>Tre\u015b\u0107 zawieranej umowy jest dodatkowo utrwalona i zabezpieczona w systemie teleinformatycznym Us\u0142ugodawcy oraz udost\u0119pniana na ka\u017cde \u017c\u0105danie Klienta.<\/li>\r\n<\/ol>\r\n<\/li>\r\n<\/ol>\r\n\r\n<p>&nbsp;<\/p>","protected":false},"excerpt":{"rendered":"<p>Polityka prywatno\u015bci Klient, poprzez wype\u0142nienie formularza zakupu i potwierdzenie zakupu oraz akceptacj\u0119 Regulaminu poprzez naci\u015bni\u0119cie przycisku \u201ekupuj\u0119 i p\u0142ac\u0119\u201d przy stosownym o\u015bwiadczeniu, wyra\u017ca zgod\u0119 na zbieranie i przetwarzanie jego danych osobowych zgodnie z Ustaw\u0105 o ochronie danych osobowych z dnia 29.08.1997 r. (Dz. U. z 2002 r. Nr 101, poz. 926 ze zm.) przez Administratora [&hellip;]<\/p>\n","protected":false},"author":1,"featured_media":0,"parent":0,"menu_order":0,"comment_status":"closed","ping_status":"closed","template":"","meta":{"ocean_post_layout":"","ocean_both_sidebars_style":"","ocean_both_sidebars_content_width":0,"ocean_both_sidebars_sidebars_width":0,"ocean_sidebar":"0","ocean_second_sidebar":"0","ocean_disable_margins":"enable","ocean_add_body_class":"","ocean_shortcode_before_top_bar":"","ocean_shortcode_after_top_bar":"","ocean_shortcode_before_header":"","ocean_shortcode_after_header":"","ocean_has_shortcode":"","ocean_shortcode_after_title":"","ocean_shortcode_before_footer_widgets":"","ocean_shortcode_after_footer_widgets":"","ocean_shortcode_before_footer_bottom":"","ocean_shortcode_after_footer_bottom":"","ocean_display_top_bar":"default","ocean_display_header":"default","ocean_header_style":"","ocean_center_header_left_menu":"0","ocean_custom_header_template":"0","ocean_custom_logo":0,"ocean_custom_retina_logo":0,"ocean_custom_logo_max_width":0,"ocean_custom_logo_tablet_max_width":0,"ocean_custom_logo_mobile_max_width":0,"ocean_custom_logo_max_height":0,"ocean_custom_logo_tablet_max_height":0,"ocean_custom_logo_mobile_max_height":0,"ocean_header_custom_menu":"0","ocean_menu_typo_font_family":"0","ocean_menu_typo_font_subset":"","ocean_menu_typo_font_size":0,"ocean_menu_typo_font_size_tablet":0,"ocean_menu_typo_font_size_mobile":0,"ocean_menu_typo_font_size_unit":"px","ocean_menu_typo_font_weight":"","ocean_menu_typo_font_weight_tablet":"","ocean_menu_typo_font_weight_mobile":"","ocean_menu_typo_transform":"","ocean_menu_typo_transform_tablet":"","ocean_menu_typo_transform_mobile":"","ocean_menu_typo_line_height":0,"ocean_menu_typo_line_height_tablet":0,"ocean_menu_typo_line_height_mobile":0,"ocean_menu_typo_line_height_unit":"","ocean_menu_typo_spacing":0,"ocean_menu_typo_spacing_tablet":0,"ocean_menu_typo_spacing_mobile":0,"ocean_menu_typo_spacing_unit":"","ocean_menu_link_color":"","ocean_menu_link_color_hover":"","ocean_menu_link_color_active":"","ocean_menu_link_background":"","ocean_menu_link_hover_background":"","ocean_menu_link_active_background":"","ocean_menu_social_links_bg":"","ocean_menu_social_hover_links_bg":"","ocean_menu_social_links_color":"","ocean_menu_social_hover_links_color":"","ocean_disable_title":"default","ocean_disable_heading":"default","ocean_post_title":"","ocean_post_subheading":"","ocean_post_title_style":"","ocean_post_title_background_color":"","ocean_post_title_background":0,"ocean_post_title_bg_image_position":"","ocean_post_title_bg_image_attachment":"","ocean_post_title_bg_image_repeat":"","ocean_post_title_bg_image_size":"","ocean_post_title_height":0,"ocean_post_title_bg_overlay":0.5,"ocean_post_title_bg_overlay_color":"","ocean_disable_breadcrumbs":"default","ocean_breadcrumbs_color":"","ocean_breadcrumbs_separator_color":"","ocean_breadcrumbs_links_color":"","ocean_breadcrumbs_links_hover_color":"","ocean_display_footer_widgets":"default","ocean_display_footer_bottom":"default","ocean_custom_footer_template":"0","footnotes":""},"class_list":["post-6202","page","type-page","status-publish","hentry","entry","owp-thumbs-layout-horizontal","owp-btn-normal","owp-tabs-layout-horizontal","has-no-thumbnails"],"jetpack_sharing_enabled":true,"_links":{"self":[{"href":"https:\/\/musicoscala.com\/en\/wp-json\/wp\/v2\/pages\/6202","targetHints":{"allow":["GET"]}}],"collection":[{"href":"https:\/\/musicoscala.com\/en\/wp-json\/wp\/v2\/pages"}],"about":[{"href":"https:\/\/musicoscala.com\/en\/wp-json\/wp\/v2\/types\/page"}],"author":[{"embeddable":true,"href":"https:\/\/musicoscala.com\/en\/wp-json\/wp\/v2\/users\/1"}],"replies":[{"embeddable":true,"href":"https:\/\/musicoscala.com\/en\/wp-json\/wp\/v2\/comments?post=6202"}],"version-history":[{"count":1,"href":"https:\/\/musicoscala.com\/en\/wp-json\/wp\/v2\/pages\/6202\/revisions"}],"predecessor-version":[{"id":6203,"href":"https:\/\/musicoscala.com\/en\/wp-json\/wp\/v2\/pages\/6202\/revisions\/6203"}],"wp:attachment":[{"href":"https:\/\/musicoscala.com\/en\/wp-json\/wp\/v2\/media?parent=6202"}],"curies":[{"name":"wp","href":"https:\/\/api.w.org\/{rel}","templated":true}]}}