{"id":6346,"date":"2026-01-22T20:01:13","date_gmt":"2026-01-22T19:01:13","guid":{"rendered":"https:\/\/musicoscala.com\/?page_id=6346"},"modified":"2026-02-15T19:36:18","modified_gmt":"2026-02-15T18:36:18","slug":"zespoly-muzyczne-rzeszow","status":"publish","type":"page","link":"https:\/\/musicoscala.com\/en\/zespoly-muzyczne-rzeszow\/","title":{"rendered":"Zespo\u0142y muzyczne Rzesz\u00f3w"},"content":{"rendered":"<div data-elementor-type=\"wp-page\" data-elementor-id=\"6346\" class=\"elementor elementor-6346\" data-elementor-post-type=\"page\">\n\t\t\t\t\t\t<section class=\"elementor-section elementor-top-section elementor-element elementor-element-5c90d9f elementor-section-boxed elementor-section-height-default elementor-section-height-default\" data-id=\"5c90d9f\" data-element_type=\"section\" data-e-type=\"section\">\n\t\t\t\t\t\t<div class=\"elementor-container elementor-column-gap-default\">\n\t\t\t\t\t<div class=\"elementor-column elementor-col-50 elementor-top-column elementor-element elementor-element-cd95de7\" data-id=\"cd95de7\" data-element_type=\"column\" data-e-type=\"column\">\n\t\t\t<div class=\"elementor-widget-wrap elementor-element-populated\">\n\t\t\t\t\t\t<div class=\"elementor-element elementor-element-158e0ef elementor-widget elementor-widget-image\" data-id=\"158e0ef\" data-element_type=\"widget\" data-e-type=\"widget\" data-widget_type=\"image.default\">\n\t\t\t\t<div class=\"elementor-widget-container\">\n\t\t\t\t\t\t\t\t\t\t\t\t\t\t\t<img fetchpriority=\"high\" decoding=\"async\" width=\"1024\" height=\"679\" src=\"https:\/\/musicoscala.com\/wp-content\/uploads\/2026\/01\/Zespoly-obrazek-1024x679.png\" class=\"attachment-large size-large wp-image-6347\" alt=\"zespo\u0142y muzyczne Rzesz\u00f3w\" srcset=\"https:\/\/musicoscala.com\/wp-content\/uploads\/2026\/01\/Zespoly-obrazek-1024x679.png 1024w, https:\/\/musicoscala.com\/wp-content\/uploads\/2026\/01\/Zespoly-obrazek-300x199.png 300w, https:\/\/musicoscala.com\/wp-content\/uploads\/2026\/01\/Zespoly-obrazek-768x510.png 768w, https:\/\/musicoscala.com\/wp-content\/uploads\/2026\/01\/Zespoly-obrazek-1536x1019.png 1536w, https:\/\/musicoscala.com\/wp-content\/uploads\/2026\/01\/Zespoly-obrazek-18x12.png 18w, https:\/\/musicoscala.com\/wp-content\/uploads\/2026\/01\/Zespoly-obrazek-800x531.png 800w, https:\/\/musicoscala.com\/wp-content\/uploads\/2026\/01\/Zespoly-obrazek-600x398.png 600w, https:\/\/musicoscala.com\/wp-content\/uploads\/2026\/01\/Zespoly-obrazek-100x66.png 100w, https:\/\/musicoscala.com\/wp-content\/uploads\/2026\/01\/Zespoly-obrazek-64x42.png 64w, https:\/\/musicoscala.com\/wp-content\/uploads\/2026\/01\/Zespoly-obrazek.png 2000w\" sizes=\"(max-width: 1024px) 100vw, 1024px\" \/>\t\t\t\t\t\t\t\t\t\t\t\t\t\t\t<\/div>\n\t\t\t\t<\/div>\n\t\t\t\t\t<\/div>\n\t\t<\/div>\n\t\t\t\t<div class=\"elementor-column elementor-col-50 elementor-top-column elementor-element elementor-element-9ce3642\" data-id=\"9ce3642\" data-element_type=\"column\" data-e-type=\"column\">\n\t\t\t<div class=\"elementor-widget-wrap elementor-element-populated\">\n\t\t\t\t\t\t<div class=\"elementor-element elementor-element-e613dc4 elementor-widget elementor-widget-heading\" data-id=\"e613dc4\" data-element_type=\"widget\" data-e-type=\"widget\" data-widget_type=\"heading.default\">\n\t\t\t\t<div class=\"elementor-widget-container\">\n\t\t\t\t\t<h1 class=\"elementor-heading-title elementor-size-default\"><br><h1 class=\"elementor-heading-title elementor-size-default elementor-inline-editing pen\" data-elementor-setting-key=\"title\" data-pen-placeholder=\"Pisz tutaj...\" style=\"font-style: normal\">Zespo\u0142y muzyczne dla dzieci, \nm\u0142odzie\u017cy i doros\u0142ych!<span style=\"font-size: 23px;font-style: normal;font-weight: 600\"><\/span><\/h1><\/h1>\t\t\t\t<\/div>\n\t\t\t\t<\/div>\n\t\t\t\t<div class=\"elementor-element elementor-element-d745b1e elementor-widget elementor-widget-heading\" data-id=\"d745b1e\" data-element_type=\"widget\" data-e-type=\"widget\" data-widget_type=\"heading.default\">\n\t\t\t\t<div class=\"elementor-widget-container\">\n\t\t\t\t\t<h3 class=\"elementor-heading-title elementor-size-default\"><br>Prowadzimy zespo\u0142y:<\/h3>\t\t\t\t<\/div>\n\t\t\t\t<\/div>\n\t\t\t\t<div class=\"elementor-element elementor-element-f8d3a51 elementor-widget elementor-widget-text-editor\" data-id=\"f8d3a51\" data-element_type=\"widget\" data-e-type=\"widget\" data-widget_type=\"text-editor.default\">\n\t\t\t\t<div class=\"elementor-widget-container\">\n\t\t\t\t\t\t\t\t\t<p style=\"text-align: left;\"><strong><span style=\"color: var( --e-global-color-text ); font-size: 14px;\">1. Orkiestra d\u0119ta.<br \/>2. Orkiestra smyczkowa.<br \/>3. Zesp\u00f3\u0142 rozrywkowy.<br \/>4. Ch\u00f3r dzieci\u0119co-m\u0142odzie\u017cowy.<\/span><br \/><\/strong><\/p>\t\t\t\t\t\t\t\t<\/div>\n\t\t\t\t<\/div>\n\t\t\t\t<div class=\"elementor-element elementor-element-684924d elementor-widget elementor-widget-heading\" data-id=\"684924d\" data-element_type=\"widget\" data-e-type=\"widget\" data-widget_type=\"heading.default\">\n\t\t\t\t<div class=\"elementor-widget-container\">\n\t\t\t\t\t<h1 class=\"elementor-heading-title elementor-size-default\">Do\u0142\u0105cz do nas i zagrajmy razem!<\/h1>\t\t\t\t<\/div>\n\t\t\t\t<\/div>\n\t\t\t\t\t<\/div>\n\t\t<\/div>\n\t\t\t\t\t<\/div>\n\t\t<\/section>\n\t\t\t\t<section class=\"elementor-section elementor-top-section elementor-element elementor-element-bb850ac elementor-section-boxed elementor-section-height-default elementor-section-height-default\" data-id=\"bb850ac\" data-element_type=\"section\" data-e-type=\"section\">\n\t\t\t\t\t\t<div class=\"elementor-container elementor-column-gap-default\">\n\t\t\t\t\t<div class=\"elementor-column elementor-col-100 elementor-top-column elementor-element elementor-element-7af7122\" data-id=\"7af7122\" data-element_type=\"column\" data-e-type=\"column\">\n\t\t\t<div class=\"elementor-widget-wrap elementor-element-populated\">\n\t\t\t\t\t\t<div class=\"elementor-element elementor-element-81f9e8a elementor-view-default elementor-widget elementor-widget-icon\" data-id=\"81f9e8a\" data-element_type=\"widget\" data-e-type=\"widget\" data-widget_type=\"icon.default\">\n\t\t\t\t<div class=\"elementor-widget-container\">\n\t\t\t\t\t\t\t<div class=\"elementor-icon-wrapper\">\n\t\t\t<div class=\"elementor-icon\">\n\t\t\t<i aria-hidden=\"true\" class=\"far fa-window-minimize\"><\/i>\t\t\t<\/div>\n\t\t<\/div>\n\t\t\t\t\t\t<\/div>\n\t\t\t\t<\/div>\n\t\t\t\t<div class=\"elementor-element elementor-element-8ae2c06 elementor-widget elementor-widget-heading\" data-id=\"8ae2c06\" data-element_type=\"widget\" data-e-type=\"widget\" data-widget_type=\"heading.default\">\n\t\t\t\t<div class=\"elementor-widget-container\">\n\t\t\t\t\t<h2 class=\"elementor-heading-title elementor-size-default\">Zasady organizacji zaj\u0119\u0107 zespo\u0142\u00f3w od 01.02.2026:<\/h2>\t\t\t\t<\/div>\n\t\t\t\t<\/div>\n\t\t\t\t<div class=\"elementor-element elementor-element-b2c1962 elementor-widget elementor-widget-text-editor\" data-id=\"b2c1962\" data-element_type=\"widget\" data-e-type=\"widget\" data-widget_type=\"text-editor.default\">\n\t\t\t\t<div class=\"elementor-widget-container\">\n\t\t\t\t\t\t\t\t\t<ol><li>Szko\u0142a organizuje zaj\u0119cia w grupach wieloosobowych w podobnym wieku uczestnik\u00f3w oraz na podobnym poziomie etapu edukacyjnego.<\/li><li>Zaj\u0119cia z zespo\u0142\u00f3w odbywaj\u0105 si\u0119 w ustalony z uczestnikami dzie\u0144 i o ustalonej porze, 2 razy w miesi\u0105cu kalendarzowym. Czas trwania zaj\u0119\u0107 &#8211; 1,5 h.<\/li><li>Gdy wymaga tego przygotowanie do wyst\u0119pu, w porozumieniu z uczestnikami, instruktor prowadz\u0105cy mo\u017ce ustala\u0107 dodatkowe, nieodp\u0142atne terminy pr\u00f3b.<\/li><li>Koszty niezb\u0119dnych do dzia\u0142alno\u015bci zespo\u0142\u00f3w materia\u0142\u00f3w, narz\u0119dzi, licencji pokrywa szko\u0142a muzyczna.<\/li><li>O przeznaczeniu i wykorzystaniu zdobytych nagr\u00f3d przez zespo\u0142y decyduje szko\u0142a muzyczna.<\/li><li>Warunkiem uczestnictwa w zespo\u0142ach muzycznych jest op\u0142acenie czesnego za ka\u017cdy miesi\u0105c kalendarzowy z g\u00f3ry, maksymalnie w dniu pierwszych zaj\u0119\u0107 w danym miesi\u0105cu. Warto\u015b\u0107 czesnego wynosi<span style=\"font-family: 'Work Sans'; font-size: 14px; font-style: normal; font-variant-ligatures: normal; font-variant-caps: normal; font-weight: 400;\">\u00a0120 PLN\/miesi\u0105c od uczni\u00f3w szko\u0142y Musicoscala oraz 150 PLN\/miesi\u0105c od pozosta\u0142ych uczestnik\u00f3w, niezale\u017cnie od obecno\u015bci na pr\u00f3bach w miesi\u0105cu.<\/span><\/li><li style=\"font-size: 14px;\">P\u0142atno\u015bci za czesne dokonuje si\u0119 poprzez przelew na rachunek bankowy nr 65 1870 1045 2078 1088 8544 0001.<\/li><li style=\"font-size: 14px;\">W przypadku, gdy instruktor prowadz\u0105cy odwo\u0142a zaj\u0119cia, w miar\u0119 mo\u017cliwo\u015bci zostanie zaproponowany termin alternatywny.\u00a0<span style=\"font-variant-ligatures: normal; font-variant-caps: normal; font-family: 'Work Sans'; font-size: 14px; font-style: normal; font-weight: 400;\">Je\u015bli termin ten nie b\u0119dzie zaakceptowany przez wi\u0119kszo\u015b\u0107 uczestnik\u00f3w, zaj\u0119cia zostan\u0105 uznane jako odbyte. \u015arodki z czesnego nie podlegaj\u0105 zwrotowi.<\/span><\/li><li style=\"font-size: 14px;\">Ch\u0119\u0107 odst\u0105pienia od uczestnictwa w zespo\u0142ach mo\u017cna z\u0142o\u017cy\u0107 w ka\u017cdym momencie u instruktora prowadz\u0105cego lub u dyrektora szko\u0142y muzycznej. Rezygnacja jest skuteczna na ostatnie zaj\u0119cia lub wyst\u0119p w miesi\u0105cu kalendarzowym. Uczestnik mo\u017ce zrezygnowa\u0107 z uczestnictwa w zaj\u0119ciach lub wyst\u0119pach wcze\u015bniej, jednak\u017ce \u015brodki pieni\u0119\u017cne za op\u0142acony miesi\u0105c nie podlegaj\u0105 zwrotowi.<\/li><\/ol><div>\u00a0<\/div><div><p style=\"font-variant-ligatures: normal; font-variant-caps: normal; font-family: 'Work Sans'; font-size: 14px; font-style: normal; font-weight: 400;\">Je\u015bli interesuj\u0105 Ci\u0119 zagadnienia muzyczne niewymienione powy\u017cej \u2013 zadzwo\u0144, napisz do nas lub skontaktuj si\u0119 za pomoc\u0105\u00a0<a style=\"font-size: 14px; transition-property: all;\" href=\"https:\/\/musicoscala.com\/en\/kontakt\/\">formularza<\/a>.<\/p><p style=\"font-variant-ligatures: normal; font-variant-caps: normal; font-family: 'Work Sans'; font-size: 14px; font-style: normal; font-weight: 400;\">B\u0105d\u017a na bie\u017c\u0105co i \u015bled\u017a nas na\u00a0<a style=\"font-size: 14px; transition-property: all;\" href=\"https:\/\/www.facebook.com\/musicoscala\" target=\"_blank\" rel=\"noopener\">Facebooku<\/a>\u00a0lub\u00a0<a style=\"font-size: 14px; transition-property: all;\" href=\"https:\/\/www.instagram.com\/musicoscala\/\" target=\"_blank\" rel=\"noopener\">Instagramie<\/a>.<\/p><\/div>\t\t\t\t\t\t\t\t<\/div>\n\t\t\t\t<\/div>\n\t\t\t\t\t<\/div>\n\t\t<\/div>\n\t\t\t\t\t<\/div>\n\t\t<\/section>\n\t\t\t\t<\/div>","protected":false},"excerpt":{"rendered":"<p>Zespo\u0142y muzyczne dla dzieci, m\u0142odzie\u017cy i doros\u0142ych! Prowadzimy zespo\u0142y: 1. Orkiestra d\u0119ta.2. Orkiestra smyczkowa.3. Zesp\u00f3\u0142 rozrywkowy.4. Ch\u00f3r dzieci\u0119co-m\u0142odzie\u017cowy. Do\u0142\u0105cz do nas i zagrajmy razem! Zasady organizacji zaj\u0119\u0107 zespo\u0142\u00f3w od 01.02.2026: Szko\u0142a organizuje zaj\u0119cia w grupach wieloosobowych w podobnym wieku uczestnik\u00f3w oraz na podobnym poziomie etapu edukacyjnego. Zaj\u0119cia z zespo\u0142\u00f3w odbywaj\u0105 si\u0119 w ustalony z uczestnikami [&hellip;]<\/p>\n","protected":false},"author":1,"featured_media":6347,"parent":0,"menu_order":0,"comment_status":"closed","ping_status":"closed","template":"","meta":{"ocean_post_layout":"","ocean_both_sidebars_style":"","ocean_both_sidebars_content_width":0,"ocean_both_sidebars_sidebars_width":0,"ocean_sidebar":"0","ocean_second_sidebar":"0","ocean_disable_margins":"enable","ocean_add_body_class":"","ocean_shortcode_before_top_bar":"","ocean_shortcode_after_top_bar":"","ocean_shortcode_before_header":"","ocean_shortcode_after_header":"","ocean_has_shortcode":"","ocean_shortcode_after_title":"","ocean_shortcode_before_footer_widgets":"","ocean_shortcode_after_footer_widgets":"","ocean_shortcode_before_footer_bottom":"","ocean_shortcode_after_footer_bottom":"","ocean_display_top_bar":"default","ocean_display_header":"default","ocean_header_style":"","ocean_center_header_left_menu":"0","ocean_custom_header_template":"0","ocean_custom_logo":0,"ocean_custom_retina_logo":0,"ocean_custom_logo_max_width":0,"ocean_custom_logo_tablet_max_width":0,"ocean_custom_logo_mobile_max_width":0,"ocean_custom_logo_max_height":0,"ocean_custom_logo_tablet_max_height":0,"ocean_custom_logo_mobile_max_height":0,"ocean_header_custom_menu":"0","ocean_menu_typo_font_family":"0","ocean_menu_typo_font_subset":"","ocean_menu_typo_font_size":0,"ocean_menu_typo_font_size_tablet":0,"ocean_menu_typo_font_size_mobile":0,"ocean_menu_typo_font_size_unit":"px","ocean_menu_typo_font_weight":"","ocean_menu_typo_font_weight_tablet":"","ocean_menu_typo_font_weight_mobile":"","ocean_menu_typo_transform":"","ocean_menu_typo_transform_tablet":"","ocean_menu_typo_transform_mobile":"","ocean_menu_typo_line_height":0,"ocean_menu_typo_line_height_tablet":0,"ocean_menu_typo_line_height_mobile":0,"ocean_menu_typo_line_height_unit":"","ocean_menu_typo_spacing":0,"ocean_menu_typo_spacing_tablet":0,"ocean_menu_typo_spacing_mobile":0,"ocean_menu_typo_spacing_unit":"","ocean_menu_link_color":"","ocean_menu_link_color_hover":"","ocean_menu_link_color_active":"","ocean_menu_link_background":"","ocean_menu_link_hover_background":"","ocean_menu_link_active_background":"","ocean_menu_social_links_bg":"","ocean_menu_social_hover_links_bg":"","ocean_menu_social_links_color":"","ocean_menu_social_hover_links_color":"","ocean_disable_title":"default","ocean_disable_heading":"default","ocean_post_title":"","ocean_post_subheading":"","ocean_post_title_style":"","ocean_post_title_background_color":"","ocean_post_title_background":0,"ocean_post_title_bg_image_position":"","ocean_post_title_bg_image_attachment":"","ocean_post_title_bg_image_repeat":"","ocean_post_title_bg_image_size":"","ocean_post_title_height":0,"ocean_post_title_bg_overlay":0.5,"ocean_post_title_bg_overlay_color":"","ocean_disable_breadcrumbs":"default","ocean_breadcrumbs_color":"","ocean_breadcrumbs_separator_color":"","ocean_breadcrumbs_links_color":"","ocean_breadcrumbs_links_hover_color":"","ocean_display_footer_widgets":"default","ocean_display_footer_bottom":"default","ocean_custom_footer_template":"0","footnotes":""},"class_list":["post-6346","page","type-page","status-publish","has-post-thumbnail","hentry","entry","has-media","owp-thumbs-layout-horizontal","owp-btn-normal","owp-tabs-layout-horizontal","has-no-thumbnails"],"jetpack_sharing_enabled":true,"_links":{"self":[{"href":"https:\/\/musicoscala.com\/en\/wp-json\/wp\/v2\/pages\/6346","targetHints":{"allow":["GET"]}}],"collection":[{"href":"https:\/\/musicoscala.com\/en\/wp-json\/wp\/v2\/pages"}],"about":[{"href":"https:\/\/musicoscala.com\/en\/wp-json\/wp\/v2\/types\/page"}],"author":[{"embeddable":true,"href":"https:\/\/musicoscala.com\/en\/wp-json\/wp\/v2\/users\/1"}],"replies":[{"embeddable":true,"href":"https:\/\/musicoscala.com\/en\/wp-json\/wp\/v2\/comments?post=6346"}],"version-history":[{"count":43,"href":"https:\/\/musicoscala.com\/en\/wp-json\/wp\/v2\/pages\/6346\/revisions"}],"predecessor-version":[{"id":6481,"href":"https:\/\/musicoscala.com\/en\/wp-json\/wp\/v2\/pages\/6346\/revisions\/6481"}],"wp:featuredmedia":[{"embeddable":true,"href":"https:\/\/musicoscala.com\/en\/wp-json\/wp\/v2\/media\/6347"}],"wp:attachment":[{"href":"https:\/\/musicoscala.com\/en\/wp-json\/wp\/v2\/media?parent=6346"}],"curies":[{"name":"wp","href":"https:\/\/api.w.org\/{rel}","templated":true}]}}