{"id":1400,"date":"2023-03-29T15:33:40","date_gmt":"2023-03-29T13:33:40","guid":{"rendered":"https:\/\/musicoscala.com\/?post_type=product&#038;p=1400"},"modified":"2024-11-15T01:25:54","modified_gmt":"2024-11-15T00:25:54","slug":"w-moim-ogrodecku-nuty-pdf","status":"publish","type":"product","link":"https:\/\/musicoscala.com\/en\/w-moim-ogrodecku-nuty-pdf\/","title":{"rendered":"W moim ogr\u00f3decku nuty pdf"},"content":{"rendered":"<p>Przedstawiamy nuty w formacie pdf do polskiej piosenki ludowej &#8222;W moim ogr\u00f3decku&#8221; Opracowanie zawiera lini\u0119 melodyczn\u0105 z proponowanymi akordami\/chwytami oraz tekst piosenki.<\/p>","protected":false},"excerpt":{"rendered":"<h4><strong>Typ:<\/strong> W moim ogr\u00f3decku nuty pdf, plik w formacie PDF.<\/h4>\n<ul>\n<li><strong>Difficulty level<\/strong> 1\/5<\/li>\n<li><strong>Lyrics by:<\/strong> unknown artist<\/li>\n<li><strong>Music by<\/strong> unknown artist<\/li>\n<li><strong>Aranged by:<\/strong> Marcin Ka\u0142awaj<\/li>\n<\/ul>","protected":false},"featured_media":1401,"comment_status":"closed","ping_status":"closed","template":"","meta":{"ocean_post_layout":"","ocean_both_sidebars_style":"","ocean_both_sidebars_content_width":0,"ocean_both_sidebars_sidebars_width":0,"ocean_sidebar":"0","ocean_second_sidebar":"0","ocean_disable_margins":"enable","ocean_add_body_class":"","ocean_shortcode_before_top_bar":"","ocean_shortcode_after_top_bar":"","ocean_shortcode_before_header":"","ocean_shortcode_after_header":"","ocean_has_shortcode":"","ocean_shortcode_after_title":"","ocean_shortcode_before_footer_widgets":"","ocean_shortcode_after_footer_widgets":"","ocean_shortcode_before_footer_bottom":"","ocean_shortcode_after_footer_bottom":"","ocean_display_top_bar":"default","ocean_display_header":"default","ocean_header_style":"","ocean_center_header_left_menu":"0","ocean_custom_header_template":"0","ocean_custom_logo":0,"ocean_custom_retina_logo":0,"ocean_custom_logo_max_width":0,"ocean_custom_logo_tablet_max_width":0,"ocean_custom_logo_mobile_max_width":0,"ocean_custom_logo_max_height":0,"ocean_custom_logo_tablet_max_height":0,"ocean_custom_logo_mobile_max_height":0,"ocean_header_custom_menu":"0","ocean_menu_typo_font_family":"0","ocean_menu_typo_font_subset":"","ocean_menu_typo_font_size":0,"ocean_menu_typo_font_size_tablet":0,"ocean_menu_typo_font_size_mobile":0,"ocean_menu_typo_font_size_unit":"px","ocean_menu_typo_font_weight":"","ocean_menu_typo_font_weight_tablet":"","ocean_menu_typo_font_weight_mobile":"","ocean_menu_typo_transform":"","ocean_menu_typo_transform_tablet":"","ocean_menu_typo_transform_mobile":"","ocean_menu_typo_line_height":0,"ocean_menu_typo_line_height_tablet":0,"ocean_menu_typo_line_height_mobile":0,"ocean_menu_typo_line_height_unit":"","ocean_menu_typo_spacing":0,"ocean_menu_typo_spacing_tablet":0,"ocean_menu_typo_spacing_mobile":0,"ocean_menu_typo_spacing_unit":"","ocean_menu_link_color":"","ocean_menu_link_color_hover":"","ocean_menu_link_color_active":"","ocean_menu_link_background":"","ocean_menu_link_hover_background":"","ocean_menu_link_active_background":"","ocean_menu_social_links_bg":"","ocean_menu_social_hover_links_bg":"","ocean_menu_social_links_color":"","ocean_menu_social_hover_links_color":"","ocean_disable_title":"default","ocean_disable_heading":"default","ocean_post_title":"","ocean_post_subheading":"","ocean_post_title_style":"","ocean_post_title_background_color":"","ocean_post_title_background":0,"ocean_post_title_bg_image_position":"","ocean_post_title_bg_image_attachment":"","ocean_post_title_bg_image_repeat":"","ocean_post_title_bg_image_size":"","ocean_post_title_height":0,"ocean_post_title_bg_overlay":0.5,"ocean_post_title_bg_overlay_color":"","ocean_disable_breadcrumbs":"default","ocean_breadcrumbs_color":"","ocean_breadcrumbs_separator_color":"","ocean_breadcrumbs_links_color":"","ocean_breadcrumbs_links_hover_color":"","ocean_display_footer_widgets":"default","ocean_display_footer_bottom":"default","ocean_custom_footer_template":"0","jetpack_publicize_message":"","jetpack_publicize_feature_enabled":true,"jetpack_social_post_already_shared":false,"jetpack_social_options":{"image_generator_settings":{"template":"highway","default_image_id":0,"font":"","enabled":false},"version":2}},"product_brand":[],"product_cat":[296],"product_tag":[138,85,139,365,88,89,366,368,80,369,103,304,86,193,291,107],"class_list":{"0":"post-1400","1":"product","2":"type-product","3":"status-publish","4":"has-post-thumbnail","6":"product_cat-ludowe","7":"product_tag-akordy","8":"product_tag-aranzacje","9":"product_tag-chwyty","10":"product_tag-folk","11":"product_tag-fortepian","12":"product_tag-keyboard","13":"product_tag-ludowe","14":"product_tag-moim","15":"product_tag-nuty","16":"product_tag-ogrodecku","17":"product_tag-opracowanie","18":"product_tag-pdf","19":"product_tag-pianino","20":"product_tag-piosenka","21":"product_tag-polskie","22":"product_tag-w","23":"product_shipping_class-dostawa-elektroniczna","25":"entry","26":"has-media","28":"first","29":"instock","30":"shipping-taxable","31":"purchasable","32":"product-type-variable","33":"has-default-attributes","34":"col","35":"span_1_of_3","36":"owp-content-center","37":"owp-thumbs-layout-horizontal","38":"owp-btn-normal","39":"owp-tabs-layout-horizontal","40":"has-no-thumbnails"},"jetpack_publicize_connections":[],"jetpack_sharing_enabled":true,"_links":{"self":[{"href":"https:\/\/musicoscala.com\/en\/wp-json\/wp\/v2\/product\/1400","targetHints":{"allow":["GET"]}}],"collection":[{"href":"https:\/\/musicoscala.com\/en\/wp-json\/wp\/v2\/product"}],"about":[{"href":"https:\/\/musicoscala.com\/en\/wp-json\/wp\/v2\/types\/product"}],"replies":[{"embeddable":true,"href":"https:\/\/musicoscala.com\/en\/wp-json\/wp\/v2\/comments?post=1400"}],"wp:featuredmedia":[{"embeddable":true,"href":"https:\/\/musicoscala.com\/en\/wp-json\/wp\/v2\/media\/1401"}],"wp:attachment":[{"href":"https:\/\/musicoscala.com\/en\/wp-json\/wp\/v2\/media?parent=1400"}],"wp:term":[{"taxonomy":"product_brand","embeddable":true,"href":"https:\/\/musicoscala.com\/en\/wp-json\/wp\/v2\/product_brand?post=1400"},{"taxonomy":"product_cat","embeddable":true,"href":"https:\/\/musicoscala.com\/en\/wp-json\/wp\/v2\/product_cat?post=1400"},{"taxonomy":"product_tag","embeddable":true,"href":"https:\/\/musicoscala.com\/en\/wp-json\/wp\/v2\/product_tag?post=1400"}],"curies":[{"name":"wp","href":"https:\/\/api.w.org\/{rel}","templated":true}]}}