{"id":1795,"date":"2023-08-04T10:14:59","date_gmt":"2023-08-04T08:14:59","guid":{"rendered":"https:\/\/musicoscala.com\/?post_type=product&#038;p=1795"},"modified":"2024-11-15T00:48:02","modified_gmt":"2024-11-14T23:48:02","slug":"mamo-tys-plakala-nuty-pdf","status":"publish","type":"product","link":"https:\/\/musicoscala.com\/en\/mamo-tys-plakala-nuty-pdf\/","title":{"rendered":"Mamo ty\u015b p\u0142aka\u0142a nuty pdf"},"content":{"rendered":"<p>Przedstawiamy nuty w formacie pdf do polskiej piosenki &#8222;Mamo ty\u015b p\u0142aka\u0142a&#8221; duetu sanah i Igora Herbuta. Opracowanie zawiera lini\u0119 melodyczn\u0105 z proponowanymi akordami\/chwytami oraz tekst piosenki.<\/p>\n<p><a href=\"https:\/\/www.youtube.com\/watch?v=gfqYpunru8I\" target=\"_blank\" rel=\"noopener\">sanah i Igor Herbut \u201eMamo ty\u015b p\u0142aka\u0142a\u201d &#8211; YouTube<\/a><\/p>","protected":false},"excerpt":{"rendered":"<h4>Mamo ty\u015b p\u0142aka\u0142a nuty pdf, plik w formacie PDF. Nuty z tekstem.<\/h4>\n<ul>\n<li><strong>Difficulty level<\/strong> 1\/5<\/li>\n<li><strong>Lyrics by:<\/strong> sanah &amp; Igor Herbut<\/li>\n<li><strong>Music by<\/strong> sanah<\/li>\n<li><strong>Aranged by:<\/strong> Marcin Ka\u0142awaj<\/li>\n<\/ul>","protected":false},"featured_media":1796,"comment_status":"closed","ping_status":"closed","template":"","meta":{"ocean_post_layout":"","ocean_both_sidebars_style":"","ocean_both_sidebars_content_width":0,"ocean_both_sidebars_sidebars_width":0,"ocean_sidebar":"0","ocean_second_sidebar":"0","ocean_disable_margins":"enable","ocean_add_body_class":"","ocean_shortcode_before_top_bar":"","ocean_shortcode_after_top_bar":"","ocean_shortcode_before_header":"","ocean_shortcode_after_header":"","ocean_has_shortcode":"","ocean_shortcode_after_title":"","ocean_shortcode_before_footer_widgets":"","ocean_shortcode_after_footer_widgets":"","ocean_shortcode_before_footer_bottom":"","ocean_shortcode_after_footer_bottom":"","ocean_display_top_bar":"default","ocean_display_header":"default","ocean_header_style":"","ocean_center_header_left_menu":"0","ocean_custom_header_template":"0","ocean_custom_logo":0,"ocean_custom_retina_logo":0,"ocean_custom_logo_max_width":0,"ocean_custom_logo_tablet_max_width":0,"ocean_custom_logo_mobile_max_width":0,"ocean_custom_logo_max_height":0,"ocean_custom_logo_tablet_max_height":0,"ocean_custom_logo_mobile_max_height":0,"ocean_header_custom_menu":"0","ocean_menu_typo_font_family":"0","ocean_menu_typo_font_subset":"","ocean_menu_typo_font_size":0,"ocean_menu_typo_font_size_tablet":0,"ocean_menu_typo_font_size_mobile":0,"ocean_menu_typo_font_size_unit":"px","ocean_menu_typo_font_weight":"","ocean_menu_typo_font_weight_tablet":"","ocean_menu_typo_font_weight_mobile":"","ocean_menu_typo_transform":"","ocean_menu_typo_transform_tablet":"","ocean_menu_typo_transform_mobile":"","ocean_menu_typo_line_height":0,"ocean_menu_typo_line_height_tablet":0,"ocean_menu_typo_line_height_mobile":0,"ocean_menu_typo_line_height_unit":"","ocean_menu_typo_spacing":0,"ocean_menu_typo_spacing_tablet":0,"ocean_menu_typo_spacing_mobile":0,"ocean_menu_typo_spacing_unit":"","ocean_menu_link_color":"","ocean_menu_link_color_hover":"","ocean_menu_link_color_active":"","ocean_menu_link_background":"","ocean_menu_link_hover_background":"","ocean_menu_link_active_background":"","ocean_menu_social_links_bg":"","ocean_menu_social_hover_links_bg":"","ocean_menu_social_links_color":"","ocean_menu_social_hover_links_color":"","ocean_disable_title":"default","ocean_disable_heading":"default","ocean_post_title":"","ocean_post_subheading":"","ocean_post_title_style":"","ocean_post_title_background_color":"","ocean_post_title_background":0,"ocean_post_title_bg_image_position":"","ocean_post_title_bg_image_attachment":"","ocean_post_title_bg_image_repeat":"","ocean_post_title_bg_image_size":"","ocean_post_title_height":0,"ocean_post_title_bg_overlay":0.5,"ocean_post_title_bg_overlay_color":"","ocean_disable_breadcrumbs":"default","ocean_breadcrumbs_color":"","ocean_breadcrumbs_separator_color":"","ocean_breadcrumbs_links_color":"","ocean_breadcrumbs_links_hover_color":"","ocean_display_footer_widgets":"default","ocean_display_footer_bottom":"default","ocean_custom_footer_template":"0","jetpack_publicize_message":"","jetpack_publicize_feature_enabled":true,"jetpack_social_post_already_shared":false,"jetpack_social_options":{"image_generator_settings":{"template":"highway","default_image_id":0,"font":"","enabled":false},"version":2}},"product_brand":[],"product_cat":[26],"product_tag":[138,139,102,446,89,443,80,103,304,86,98,177,445,291,440,444],"class_list":{"0":"post-1795","1":"product","2":"type-product","3":"status-publish","4":"has-post-thumbnail","6":"product_cat-polskie","7":"product_tag-akordy","8":"product_tag-chwyty","9":"product_tag-harmonizacja","10":"product_tag-herbut","11":"product_tag-keyboard","12":"product_tag-mamo","13":"product_tag-nuty","14":"product_tag-opracowanie","15":"product_tag-pdf","16":"product_tag-pianino","17":"product_tag-piano","18":"product_tag-piosenki","19":"product_tag-plakala","20":"product_tag-polskie","21":"product_tag-sanah","22":"product_tag-tys","23":"product_shipping_class-dostawa-elektroniczna","25":"entry","26":"has-media","28":"first","29":"instock","30":"shipping-taxable","31":"purchasable","32":"product-type-variable","33":"has-default-attributes","34":"col","35":"span_1_of_3","36":"owp-content-center","37":"owp-thumbs-layout-horizontal","38":"owp-btn-normal","39":"owp-tabs-layout-horizontal","40":"has-no-thumbnails"},"jetpack_publicize_connections":[],"jetpack_sharing_enabled":true,"_links":{"self":[{"href":"https:\/\/musicoscala.com\/en\/wp-json\/wp\/v2\/product\/1795","targetHints":{"allow":["GET"]}}],"collection":[{"href":"https:\/\/musicoscala.com\/en\/wp-json\/wp\/v2\/product"}],"about":[{"href":"https:\/\/musicoscala.com\/en\/wp-json\/wp\/v2\/types\/product"}],"replies":[{"embeddable":true,"href":"https:\/\/musicoscala.com\/en\/wp-json\/wp\/v2\/comments?post=1795"}],"wp:featuredmedia":[{"embeddable":true,"href":"https:\/\/musicoscala.com\/en\/wp-json\/wp\/v2\/media\/1796"}],"wp:attachment":[{"href":"https:\/\/musicoscala.com\/en\/wp-json\/wp\/v2\/media?parent=1795"}],"wp:term":[{"taxonomy":"product_brand","embeddable":true,"href":"https:\/\/musicoscala.com\/en\/wp-json\/wp\/v2\/product_brand?post=1795"},{"taxonomy":"product_cat","embeddable":true,"href":"https:\/\/musicoscala.com\/en\/wp-json\/wp\/v2\/product_cat?post=1795"},{"taxonomy":"product_tag","embeddable":true,"href":"https:\/\/musicoscala.com\/en\/wp-json\/wp\/v2\/product_tag?post=1795"}],"curies":[{"name":"wp","href":"https:\/\/api.w.org\/{rel}","templated":true}]}}