{"id":4993,"date":"2025-03-18T20:53:44","date_gmt":"2025-03-18T19:53:44","guid":{"rendered":"https:\/\/musicoscala.com\/?post_type=product&#038;p=4993"},"modified":"2025-04-06T16:52:03","modified_gmt":"2025-04-06T15:52:03","slug":"pomoce-dydaktyczne-plakat-z-teoria-muzyki-dynamika","status":"publish","type":"product","link":"https:\/\/musicoscala.com\/en\/pomoce-dydaktyczne-plakat-z-teoria-muzyki-dynamika\/","title":{"rendered":"Pomoce dydaktyczne: Plakat z teori\u0105 muzyki &#8211; dynamika"},"content":{"rendered":"<p>Przedstawiamy plakat edukacyjny z podstawow\u0105 teori\u0105 muzyki, obja\u015bniaj\u0105cy terminy muzyczne dotycz\u0105ce dynamiki.<br \/>\nOdpowiedni jako pomoce dydaktyczne, obraz na \u015bcian\u0119 klasy lub materia\u0142 do wy\u015bwietlenia na projektorze.<br \/>\nPlakat sprzedawany jest jako materia\u0142 cyfrowy w formacie pdf do w\u0142asnego wydruku, format A4.<\/p>\n<p>W ofercie dost\u0119pne s\u0105 r\u00f3wnie\u017c <span style=\"text-decoration: underline;\">inne plakaty<\/span> lub <span style=\"text-decoration: underline;\">pakiet plakat\u00f3w<\/span> w atrakcyjnej cenie. Sprawd\u017a <span style=\"text-decoration: underline;\"><strong><a href=\"https:\/\/musicoscala.com\/en\/pomoce-dydaktyczne\/\">here.<\/a><\/strong><\/span><\/p>","protected":false},"excerpt":{"rendered":"<h4><strong>Typ: <\/strong>Pomoce dydaktyczne: Plakat z teori\u0105 muzyki &#8211; dynamika.<\/h4>\n<p>Plakat edukacyjny z wyja\u015bnieniem podstawowych oznacze\u0144 dynamicznych.<\/p>\n<ul>\n<li><strong>Rodzaj pliku:<\/strong> PDF do w\u0142asnego wydruku<\/li>\n<li><strong>Format:<\/strong> A4<\/li>\n<li><strong>Liczba stron:\u00a0<\/strong>1<\/li>\n<\/ul>","protected":false},"featured_media":5035,"comment_status":"open","ping_status":"closed","template":"","meta":{"ocean_post_layout":"","ocean_both_sidebars_style":"","ocean_both_sidebars_content_width":0,"ocean_both_sidebars_sidebars_width":0,"ocean_sidebar":"0","ocean_second_sidebar":"0","ocean_disable_margins":"enable","ocean_add_body_class":"","ocean_shortcode_before_top_bar":"","ocean_shortcode_after_top_bar":"","ocean_shortcode_before_header":"","ocean_shortcode_after_header":"","ocean_has_shortcode":"","ocean_shortcode_after_title":"","ocean_shortcode_before_footer_widgets":"","ocean_shortcode_after_footer_widgets":"","ocean_shortcode_before_footer_bottom":"","ocean_shortcode_after_footer_bottom":"","ocean_display_top_bar":"default","ocean_display_header":"default","ocean_header_style":"","ocean_center_header_left_menu":"0","ocean_custom_header_template":"0","ocean_custom_logo":0,"ocean_custom_retina_logo":0,"ocean_custom_logo_max_width":0,"ocean_custom_logo_tablet_max_width":0,"ocean_custom_logo_mobile_max_width":0,"ocean_custom_logo_max_height":0,"ocean_custom_logo_tablet_max_height":0,"ocean_custom_logo_mobile_max_height":0,"ocean_header_custom_menu":"0","ocean_menu_typo_font_family":"0","ocean_menu_typo_font_subset":"","ocean_menu_typo_font_size":0,"ocean_menu_typo_font_size_tablet":0,"ocean_menu_typo_font_size_mobile":0,"ocean_menu_typo_font_size_unit":"px","ocean_menu_typo_font_weight":"","ocean_menu_typo_font_weight_tablet":"","ocean_menu_typo_font_weight_mobile":"","ocean_menu_typo_transform":"","ocean_menu_typo_transform_tablet":"","ocean_menu_typo_transform_mobile":"","ocean_menu_typo_line_height":0,"ocean_menu_typo_line_height_tablet":0,"ocean_menu_typo_line_height_mobile":0,"ocean_menu_typo_line_height_unit":"","ocean_menu_typo_spacing":0,"ocean_menu_typo_spacing_tablet":0,"ocean_menu_typo_spacing_mobile":0,"ocean_menu_typo_spacing_unit":"","ocean_menu_link_color":"","ocean_menu_link_color_hover":"","ocean_menu_link_color_active":"","ocean_menu_link_background":"","ocean_menu_link_hover_background":"","ocean_menu_link_active_background":"","ocean_menu_social_links_bg":"","ocean_menu_social_hover_links_bg":"","ocean_menu_social_links_color":"","ocean_menu_social_hover_links_color":"","ocean_disable_title":"default","ocean_disable_heading":"default","ocean_post_title":"","ocean_post_subheading":"","ocean_post_title_style":"","ocean_post_title_background_color":"","ocean_post_title_background":0,"ocean_post_title_bg_image_position":"","ocean_post_title_bg_image_attachment":"","ocean_post_title_bg_image_repeat":"","ocean_post_title_bg_image_size":"","ocean_post_title_height":0,"ocean_post_title_bg_overlay":0.5,"ocean_post_title_bg_overlay_color":"","ocean_disable_breadcrumbs":"default","ocean_breadcrumbs_color":"","ocean_breadcrumbs_separator_color":"","ocean_breadcrumbs_links_color":"","ocean_breadcrumbs_links_hover_color":"","ocean_display_footer_widgets":"default","ocean_display_footer_bottom":"default","ocean_custom_footer_template":"0","jetpack_publicize_message":"","jetpack_publicize_feature_enabled":true,"jetpack_social_post_already_shared":true,"jetpack_social_options":{"image_generator_settings":{"template":"highway","default_image_id":0,"font":"","enabled":false},"version":2}},"product_brand":[],"product_cat":[601],"product_tag":[610,614,615,618,617,616,612,358,613,609,611],"class_list":{"0":"post-4993","1":"product","2":"type-product","3":"status-publish","4":"has-post-thumbnail","6":"product_cat-pomoce-dydaktyczne","7":"product_tag-dydaktyczne","8":"product_tag-dynamika","9":"product_tag-edukacyjne","10":"product_tag-ksztalcenie","11":"product_tag-lekcje","12":"product_tag-materialy","13":"product_tag-muzyki","14":"product_tag-nauka","15":"product_tag-plakat","16":"product_tag-pomoce","17":"product_tag-teoria","19":"entry","20":"has-media","22":"first","23":"instock","24":"downloadable","25":"virtual","26":"purchasable","27":"product-type-simple","28":"col","29":"span_1_of_3","30":"owp-content-center","31":"owp-thumbs-layout-horizontal","32":"owp-btn-normal","33":"owp-tabs-layout-horizontal","34":"has-no-thumbnails"},"jetpack_publicize_connections":[],"jetpack_sharing_enabled":true,"_links":{"self":[{"href":"https:\/\/musicoscala.com\/en\/wp-json\/wp\/v2\/product\/4993","targetHints":{"allow":["GET"]}}],"collection":[{"href":"https:\/\/musicoscala.com\/en\/wp-json\/wp\/v2\/product"}],"about":[{"href":"https:\/\/musicoscala.com\/en\/wp-json\/wp\/v2\/types\/product"}],"replies":[{"embeddable":true,"href":"https:\/\/musicoscala.com\/en\/wp-json\/wp\/v2\/comments?post=4993"}],"wp:featuredmedia":[{"embeddable":true,"href":"https:\/\/musicoscala.com\/en\/wp-json\/wp\/v2\/media\/5035"}],"wp:attachment":[{"href":"https:\/\/musicoscala.com\/en\/wp-json\/wp\/v2\/media?parent=4993"}],"wp:term":[{"taxonomy":"product_brand","embeddable":true,"href":"https:\/\/musicoscala.com\/en\/wp-json\/wp\/v2\/product_brand?post=4993"},{"taxonomy":"product_cat","embeddable":true,"href":"https:\/\/musicoscala.com\/en\/wp-json\/wp\/v2\/product_cat?post=4993"},{"taxonomy":"product_tag","embeddable":true,"href":"https:\/\/musicoscala.com\/en\/wp-json\/wp\/v2\/product_tag?post=4993"}],"curies":[{"name":"wp","href":"https:\/\/api.w.org\/{rel}","templated":true}]}}