{"id":612,"date":"2022-10-24T20:07:53","date_gmt":"2022-10-24T20:07:53","guid":{"rendered":"https:\/\/musicoscala.com\/?post_type=product&#038;p=612"},"modified":"2025-04-04T16:41:00","modified_gmt":"2025-04-04T15:41:00","slug":"modlitwa-obozowa-nuty-pdf","status":"publish","type":"product","link":"https:\/\/musicoscala.com\/en\/modlitwa-obozowa-nuty-pdf\/","title":{"rendered":"Modlitwa obozowa nuty pdf"},"content":{"rendered":"<p>Przedstawiamy nuty w formie pdf do aran\u017cacji pie\u015bni patriotycznej\u00a0 &#8222;Modlitwa obozowa&#8221; na orkiestr\u0119 symfoniczn\u0105. Poni\u017cej wykonanie opracowania.<\/p>\n<p>Do kupienia tak\u017ce wersja nut melodii z akordami i tekstem.<\/p>\n<p class=\"responsive-video-wrap clr\"><iframe title=\"Modlitwa obozowa - nuty na orkiestr\u0119\" width=\"1200\" height=\"900\" src=\"https:\/\/www.youtube.com\/embed\/gWX_FgLUSL8?feature=oembed\" frameborder=\"0\" allow=\"accelerometer; autoplay; clipboard-write; encrypted-media; gyroscope; picture-in-picture; web-share\" allowfullscreen><\/iframe><\/p>","protected":false},"excerpt":{"rendered":"<h4>Modlitwa obozowa nuty pdf. Melodia + akordy lub aran\u017cacja na orkiestr\u0119 symfoniczn\u0105 z partytur\u0105 i partiami. Pliki w formacie PDF.<\/h4>\n<p>W aran\u017cacji na orkiestr\u0119 wyst\u0119puje modulacja do tonacji F#.<\/p>\n<ul>\n<li><strong>Liczba stron:<\/strong> 1 | 32 (orkiestra)<\/li>\n<li><strong>Difficulty level<\/strong> 1\/5 | 4\/5 (orkiestra)<\/li>\n<li><strong>Autor s\u0142\u00f3w i kompozytor:<\/strong> Adam Kowalski<\/li>\n<li><strong>Aranged by:<\/strong> Marcin Ka\u0142awaj<\/li>\n<\/ul>","protected":false},"featured_media":2411,"comment_status":"closed","ping_status":"closed","template":"","meta":{"ocean_post_layout":"","ocean_both_sidebars_style":"","ocean_both_sidebars_content_width":0,"ocean_both_sidebars_sidebars_width":0,"ocean_sidebar":"0","ocean_second_sidebar":"0","ocean_disable_margins":"enable","ocean_add_body_class":"","ocean_shortcode_before_top_bar":"","ocean_shortcode_after_top_bar":"","ocean_shortcode_before_header":"","ocean_shortcode_after_header":"","ocean_has_shortcode":"","ocean_shortcode_after_title":"","ocean_shortcode_before_footer_widgets":"","ocean_shortcode_after_footer_widgets":"","ocean_shortcode_before_footer_bottom":"","ocean_shortcode_after_footer_bottom":"","ocean_display_top_bar":"default","ocean_display_header":"default","ocean_header_style":"","ocean_center_header_left_menu":"0","ocean_custom_header_template":"0","ocean_custom_logo":0,"ocean_custom_retina_logo":0,"ocean_custom_logo_max_width":0,"ocean_custom_logo_tablet_max_width":0,"ocean_custom_logo_mobile_max_width":0,"ocean_custom_logo_max_height":0,"ocean_custom_logo_tablet_max_height":0,"ocean_custom_logo_mobile_max_height":0,"ocean_header_custom_menu":"0","ocean_menu_typo_font_family":"0","ocean_menu_typo_font_subset":"","ocean_menu_typo_font_size":0,"ocean_menu_typo_font_size_tablet":0,"ocean_menu_typo_font_size_mobile":0,"ocean_menu_typo_font_size_unit":"px","ocean_menu_typo_font_weight":"","ocean_menu_typo_font_weight_tablet":"","ocean_menu_typo_font_weight_mobile":"","ocean_menu_typo_transform":"","ocean_menu_typo_transform_tablet":"","ocean_menu_typo_transform_mobile":"","ocean_menu_typo_line_height":0,"ocean_menu_typo_line_height_tablet":0,"ocean_menu_typo_line_height_mobile":0,"ocean_menu_typo_line_height_unit":"","ocean_menu_typo_spacing":0,"ocean_menu_typo_spacing_tablet":0,"ocean_menu_typo_spacing_mobile":0,"ocean_menu_typo_spacing_unit":"","ocean_menu_link_color":"","ocean_menu_link_color_hover":"","ocean_menu_link_color_active":"","ocean_menu_link_background":"","ocean_menu_link_hover_background":"","ocean_menu_link_active_background":"","ocean_menu_social_links_bg":"","ocean_menu_social_hover_links_bg":"","ocean_menu_social_links_color":"","ocean_menu_social_hover_links_color":"","ocean_disable_title":"default","ocean_disable_heading":"default","ocean_post_title":"","ocean_post_subheading":"","ocean_post_title_style":"","ocean_post_title_background_color":"","ocean_post_title_background":0,"ocean_post_title_bg_image_position":"","ocean_post_title_bg_image_attachment":"","ocean_post_title_bg_image_repeat":"","ocean_post_title_bg_image_size":"","ocean_post_title_height":0,"ocean_post_title_bg_overlay":0.5,"ocean_post_title_bg_overlay_color":"","ocean_disable_breadcrumbs":"default","ocean_breadcrumbs_color":"","ocean_breadcrumbs_separator_color":"","ocean_breadcrumbs_links_color":"","ocean_breadcrumbs_links_hover_color":"","ocean_display_footer_widgets":"default","ocean_display_footer_bottom":"default","ocean_custom_footer_template":"0","jetpack_publicize_message":"","jetpack_publicize_feature_enabled":true,"jetpack_social_post_already_shared":false,"jetpack_social_options":{"image_generator_settings":{"template":"highway","default_image_id":0,"font":"","enabled":false},"version":2}},"product_brand":[],"product_cat":[70],"product_tag":[85,219,223,225,222,216,214,80,218,217,93,179,212,105,224,220,213,215,221],"class_list":{"0":"post-612","1":"product","2":"type-product","3":"status-publish","4":"has-post-thumbnail","6":"product_cat-patriotyczne","7":"product_tag-aranzacje","8":"product_tag-boze","9":"product_tag-co","10":"product_tag-kraj","11":"product_tag-miecz","12":"product_tag-modlitwa","13":"product_tag-niepodleglosci","14":"product_tag-nuty","15":"product_tag-o","16":"product_tag-obozowa","17":"product_tag-opracowania","18":"product_tag-orkiestra","19":"product_tag-patriotyczne","20":"product_tag-piesni","21":"product_tag-siecze","22":"product_tag-skrusz","23":"product_tag-swieto","24":"product_tag-symfoniczna","25":"product_tag-ten","26":"product_shipping_class-dostawa-elektroniczna","28":"entry","29":"has-media","31":"first","32":"instock","33":"shipping-taxable","34":"purchasable","35":"product-type-variable","36":"has-default-attributes","37":"col","38":"span_1_of_3","39":"owp-content-center","40":"owp-thumbs-layout-horizontal","41":"owp-btn-normal","42":"owp-tabs-layout-horizontal","43":"has-no-thumbnails"},"jetpack_publicize_connections":[],"jetpack_sharing_enabled":true,"_links":{"self":[{"href":"https:\/\/musicoscala.com\/en\/wp-json\/wp\/v2\/product\/612","targetHints":{"allow":["GET"]}}],"collection":[{"href":"https:\/\/musicoscala.com\/en\/wp-json\/wp\/v2\/product"}],"about":[{"href":"https:\/\/musicoscala.com\/en\/wp-json\/wp\/v2\/types\/product"}],"replies":[{"embeddable":true,"href":"https:\/\/musicoscala.com\/en\/wp-json\/wp\/v2\/comments?post=612"}],"wp:featuredmedia":[{"embeddable":true,"href":"https:\/\/musicoscala.com\/en\/wp-json\/wp\/v2\/media\/2411"}],"wp:attachment":[{"href":"https:\/\/musicoscala.com\/en\/wp-json\/wp\/v2\/media?parent=612"}],"wp:term":[{"taxonomy":"product_brand","embeddable":true,"href":"https:\/\/musicoscala.com\/en\/wp-json\/wp\/v2\/product_brand?post=612"},{"taxonomy":"product_cat","embeddable":true,"href":"https:\/\/musicoscala.com\/en\/wp-json\/wp\/v2\/product_cat?post=612"},{"taxonomy":"product_tag","embeddable":true,"href":"https:\/\/musicoscala.com\/en\/wp-json\/wp\/v2\/product_tag?post=612"}],"curies":[{"name":"wp","href":"https:\/\/api.w.org\/{rel}","templated":true}]}}