{"id":907,"date":"2023-01-07T20:40:12","date_gmt":"2023-01-07T20:40:12","guid":{"rendered":"https:\/\/musicoscala.com\/?post_type=product&#038;p=907"},"modified":"2024-07-04T23:21:47","modified_gmt":"2024-07-04T22:21:47","slug":"can-you-feel-krol-lew-nuty-pdf","status":"publish","type":"product","link":"https:\/\/musicoscala.com\/en\/can-you-feel-krol-lew-nuty-pdf\/","title":{"rendered":"Can You Feel \/ Kr\u00f3l Lew nuty pdf"},"content":{"rendered":"<p>Przedstawiamy nuty w formie pdf do aran\u017cacji piosenki\u00a0 &#8222;Can You Feel The Love Tonight \/ Mi\u0142o\u015b\u0107 ro\u015bnie wok\u00f3\u0142 nas&#8221; na orkiestr\u0119. Piosenka pochodzi z bajki &#8222;The Lion King \/ Kr\u00f3l Lew&#8221;. Poni\u017cej wykonanie opracowania.<\/p>\n<p class=\"responsive-video-wrap clr\"><iframe title=\"Can You Feel the Love Tonight \/ Kr\u00f3l Lew - orchestral arrangement \/ nuty na kwartet smyczkowy\" width=\"1200\" height=\"900\" src=\"https:\/\/www.youtube.com\/embed\/NL8rpebRmu0?feature=oembed\" frameborder=\"0\" allow=\"accelerometer; autoplay; clipboard-write; encrypted-media; gyroscope; picture-in-picture; web-share\" allowfullscreen><\/iframe><\/p>","protected":false},"excerpt":{"rendered":"<h4><strong>Typ:<\/strong> Can You Feel \/ Kr\u00f3l Lew nuty pdf, nuty na orkiestr\u0119, partytura + partie, plik w formacie PDF.<\/h4>\n<ul>\n<li><strong>Liczba stron:<\/strong> 21<\/li>\n<li><strong>Difficulty level<\/strong> 3\/5<\/li>\n<li><strong>Music by<\/strong> Elton John<\/li>\n<li><strong>Aranged by:<\/strong> Marcin Ka\u0142awaj<\/li>\n<\/ul>","protected":false},"featured_media":909,"comment_status":"closed","ping_status":"closed","template":"","meta":{"ocean_post_layout":"","ocean_both_sidebars_style":"","ocean_both_sidebars_content_width":0,"ocean_both_sidebars_sidebars_width":0,"ocean_sidebar":"0","ocean_second_sidebar":"0","ocean_disable_margins":"enable","ocean_add_body_class":"","ocean_shortcode_before_top_bar":"","ocean_shortcode_after_top_bar":"","ocean_shortcode_before_header":"","ocean_shortcode_after_header":"","ocean_has_shortcode":"","ocean_shortcode_after_title":"","ocean_shortcode_before_footer_widgets":"","ocean_shortcode_after_footer_widgets":"","ocean_shortcode_before_footer_bottom":"","ocean_shortcode_after_footer_bottom":"","ocean_display_top_bar":"default","ocean_display_header":"default","ocean_header_style":"","ocean_center_header_left_menu":"0","ocean_custom_header_template":"0","ocean_custom_logo":0,"ocean_custom_retina_logo":0,"ocean_custom_logo_max_width":0,"ocean_custom_logo_tablet_max_width":0,"ocean_custom_logo_mobile_max_width":0,"ocean_custom_logo_max_height":0,"ocean_custom_logo_tablet_max_height":0,"ocean_custom_logo_mobile_max_height":0,"ocean_header_custom_menu":"0","ocean_menu_typo_font_family":"0","ocean_menu_typo_font_subset":"","ocean_menu_typo_font_size":0,"ocean_menu_typo_font_size_tablet":0,"ocean_menu_typo_font_size_mobile":0,"ocean_menu_typo_font_size_unit":"px","ocean_menu_typo_font_weight":"","ocean_menu_typo_font_weight_tablet":"","ocean_menu_typo_font_weight_mobile":"","ocean_menu_typo_transform":"","ocean_menu_typo_transform_tablet":"","ocean_menu_typo_transform_mobile":"","ocean_menu_typo_line_height":0,"ocean_menu_typo_line_height_tablet":0,"ocean_menu_typo_line_height_mobile":0,"ocean_menu_typo_line_height_unit":"","ocean_menu_typo_spacing":0,"ocean_menu_typo_spacing_tablet":0,"ocean_menu_typo_spacing_mobile":0,"ocean_menu_typo_spacing_unit":"","ocean_menu_link_color":"","ocean_menu_link_color_hover":"","ocean_menu_link_color_active":"","ocean_menu_link_background":"","ocean_menu_link_hover_background":"","ocean_menu_link_active_background":"","ocean_menu_social_links_bg":"","ocean_menu_social_hover_links_bg":"","ocean_menu_social_links_color":"","ocean_menu_social_hover_links_color":"","ocean_disable_title":"default","ocean_disable_heading":"default","ocean_post_title":"","ocean_post_subheading":"","ocean_post_title_style":"","ocean_post_title_background_color":"","ocean_post_title_background":0,"ocean_post_title_bg_image_position":"","ocean_post_title_bg_image_attachment":"","ocean_post_title_bg_image_repeat":"","ocean_post_title_bg_image_size":"","ocean_post_title_height":0,"ocean_post_title_bg_overlay":0.5,"ocean_post_title_bg_overlay_color":"","ocean_disable_breadcrumbs":"default","ocean_breadcrumbs_color":"","ocean_breadcrumbs_separator_color":"","ocean_breadcrumbs_links_color":"","ocean_breadcrumbs_links_hover_color":"","ocean_display_footer_widgets":"default","ocean_display_footer_bottom":"default","ocean_custom_footer_template":"0","jetpack_publicize_message":"","jetpack_publicize_feature_enabled":true,"jetpack_social_post_already_shared":false,"jetpack_social_options":{"image_generator_settings":{"template":"highway","default_image_id":0,"font":"","enabled":false},"version":2}},"product_brand":[],"product_cat":[171],"product_tag":[104,178,199,187,201,208,209,202,204,207,80,103,179,304,177,205,189,203,206,200],"class_list":{"0":"post-907","1":"product","2":"type-product","3":"status-publish","4":"has-post-thumbnail","6":"product_cat-piosenki-z-bajek","7":"product_tag-aranzacja","8":"product_tag-bajki","9":"product_tag-can","10":"product_tag-dzieci","11":"product_tag-feel","12":"product_tag-krol","13":"product_tag-lew","14":"product_tag-love","15":"product_tag-milosc","16":"product_tag-nas","17":"product_tag-nuty","18":"product_tag-opracowanie","19":"product_tag-orkiestra","20":"product_tag-pdf","21":"product_tag-piosenki","22":"product_tag-rosnie","23":"product_tag-the","24":"product_tag-tonight","25":"product_tag-wokol","26":"product_tag-you","27":"product_shipping_class-dostawa-elektroniczna","29":"entry","30":"has-media","32":"first","33":"instock","34":"shipping-taxable","35":"purchasable","36":"product-type-variable","37":"has-default-attributes","38":"col","39":"span_1_of_3","40":"owp-content-center","41":"owp-thumbs-layout-horizontal","42":"owp-btn-normal","43":"owp-tabs-layout-horizontal","44":"has-no-thumbnails"},"jetpack_publicize_connections":[],"jetpack_sharing_enabled":true,"_links":{"self":[{"href":"https:\/\/musicoscala.com\/en\/wp-json\/wp\/v2\/product\/907","targetHints":{"allow":["GET"]}}],"collection":[{"href":"https:\/\/musicoscala.com\/en\/wp-json\/wp\/v2\/product"}],"about":[{"href":"https:\/\/musicoscala.com\/en\/wp-json\/wp\/v2\/types\/product"}],"replies":[{"embeddable":true,"href":"https:\/\/musicoscala.com\/en\/wp-json\/wp\/v2\/comments?post=907"}],"wp:featuredmedia":[{"embeddable":true,"href":"https:\/\/musicoscala.com\/en\/wp-json\/wp\/v2\/media\/909"}],"wp:attachment":[{"href":"https:\/\/musicoscala.com\/en\/wp-json\/wp\/v2\/media?parent=907"}],"wp:term":[{"taxonomy":"product_brand","embeddable":true,"href":"https:\/\/musicoscala.com\/en\/wp-json\/wp\/v2\/product_brand?post=907"},{"taxonomy":"product_cat","embeddable":true,"href":"https:\/\/musicoscala.com\/en\/wp-json\/wp\/v2\/product_cat?post=907"},{"taxonomy":"product_tag","embeddable":true,"href":"https:\/\/musicoscala.com\/en\/wp-json\/wp\/v2\/product_tag?post=907"}],"curies":[{"name":"wp","href":"https:\/\/api.w.org\/{rel}","templated":true}]}}