{"id":918,"date":"2023-01-09T21:25:29","date_gmt":"2023-01-09T21:25:29","guid":{"rendered":"https:\/\/musicoscala.com\/?post_type=product&#038;p=918"},"modified":"2023-11-24T14:39:49","modified_gmt":"2023-11-24T13:39:49","slug":"miss-you-oh-freedom-sheet-music-pdf","status":"publish","type":"product","link":"https:\/\/musicoscala.com\/en\/miss-you-oh-freedom-sheet-music-pdf\/","title":{"rendered":"Miss You Oh Freedom sheet music pdf"},"content":{"rendered":"<p>Przedstawiamy nuty do autorskiej kompozycji na fortepian o tytule &#8222;Miss You Oh Freedom \/ T\u0119skni\u0119 za Tob\u0105, o Wolno\u015bci&#8221;. Poni\u017cej propozycja wykonania utworu.<\/p>\n<p class=\"responsive-video-wrap clr\"><iframe title=\"Miss You, Oh Freedom - Marcin Ka\u0142awaj - piano song\" width=\"1200\" height=\"900\" src=\"https:\/\/www.youtube.com\/embed\/XYcp_vfElDU?feature=oembed\" frameborder=\"0\" allow=\"accelerometer; autoplay; clipboard-write; encrypted-media; gyroscope; picture-in-picture; web-share\" allowfullscreen><\/iframe><\/p>","protected":false},"excerpt":{"rendered":"<h4><strong>Typ:<\/strong> Miss You Oh Freedom sheet music pdf, plik w formacie PDF.<\/h4>\n<ul>\n<li><strong>Liczba stron:<\/strong> 4<\/li>\n<li><strong>Tonacja:<\/strong> E<u>-dur<\/u><\/li>\n<li><strong>Difficulty level<\/strong> 3\/5<\/li>\n<li><strong>Obsada:<\/strong> <u>Piano<\/u><\/li>\n<li><strong>Music by<\/strong> Marcin Ka\u0142awaj<\/li>\n<\/ul>","protected":false},"featured_media":920,"comment_status":"closed","ping_status":"closed","template":"","meta":{"ocean_post_layout":"","ocean_both_sidebars_style":"","ocean_both_sidebars_content_width":0,"ocean_both_sidebars_sidebars_width":0,"ocean_sidebar":"0","ocean_second_sidebar":"0","ocean_disable_margins":"enable","ocean_add_body_class":"","ocean_shortcode_before_top_bar":"","ocean_shortcode_after_top_bar":"","ocean_shortcode_before_header":"","ocean_shortcode_after_header":"","ocean_has_shortcode":"","ocean_shortcode_after_title":"","ocean_shortcode_before_footer_widgets":"","ocean_shortcode_after_footer_widgets":"","ocean_shortcode_before_footer_bottom":"","ocean_shortcode_after_footer_bottom":"","ocean_display_top_bar":"default","ocean_display_header":"default","ocean_header_style":"","ocean_center_header_left_menu":"0","ocean_custom_header_template":"0","ocean_custom_logo":0,"ocean_custom_retina_logo":0,"ocean_custom_logo_max_width":0,"ocean_custom_logo_tablet_max_width":0,"ocean_custom_logo_mobile_max_width":0,"ocean_custom_logo_max_height":0,"ocean_custom_logo_tablet_max_height":0,"ocean_custom_logo_mobile_max_height":0,"ocean_header_custom_menu":"0","ocean_menu_typo_font_family":"0","ocean_menu_typo_font_subset":"","ocean_menu_typo_font_size":0,"ocean_menu_typo_font_size_tablet":0,"ocean_menu_typo_font_size_mobile":0,"ocean_menu_typo_font_size_unit":"px","ocean_menu_typo_font_weight":"","ocean_menu_typo_font_weight_tablet":"","ocean_menu_typo_font_weight_mobile":"","ocean_menu_typo_transform":"","ocean_menu_typo_transform_tablet":"","ocean_menu_typo_transform_mobile":"","ocean_menu_typo_line_height":0,"ocean_menu_typo_line_height_tablet":0,"ocean_menu_typo_line_height_mobile":0,"ocean_menu_typo_line_height_unit":"","ocean_menu_typo_spacing":0,"ocean_menu_typo_spacing_tablet":0,"ocean_menu_typo_spacing_mobile":0,"ocean_menu_typo_spacing_unit":"","ocean_menu_link_color":"","ocean_menu_link_color_hover":"","ocean_menu_link_color_active":"","ocean_menu_link_background":"","ocean_menu_link_hover_background":"","ocean_menu_link_active_background":"","ocean_menu_social_links_bg":"","ocean_menu_social_hover_links_bg":"","ocean_menu_social_links_color":"","ocean_menu_social_hover_links_color":"","ocean_disable_title":"default","ocean_disable_heading":"default","ocean_post_title":"","ocean_post_subheading":"","ocean_post_title_style":"","ocean_post_title_background_color":"","ocean_post_title_background":0,"ocean_post_title_bg_image_position":"","ocean_post_title_bg_image_attachment":"","ocean_post_title_bg_image_repeat":"","ocean_post_title_bg_image_size":"","ocean_post_title_height":0,"ocean_post_title_bg_overlay":0.5,"ocean_post_title_bg_overlay_color":"","ocean_disable_breadcrumbs":"default","ocean_breadcrumbs_color":"","ocean_breadcrumbs_separator_color":"","ocean_breadcrumbs_links_color":"","ocean_breadcrumbs_links_hover_color":"","ocean_display_footer_widgets":"default","ocean_display_footer_bottom":"default","ocean_custom_footer_template":"0","jetpack_publicize_message":"","jetpack_publicize_feature_enabled":true,"jetpack_social_post_already_shared":false,"jetpack_social_options":{"image_generator_settings":{"template":"highway","default_image_id":0,"font":"","enabled":false},"version":2}},"product_brand":[],"product_cat":[42],"product_tag":[88,244,235,242,80,218,243,86,98,236,245,247,248,200,246],"class_list":{"0":"post-918","1":"product","2":"type-product","3":"status-publish","4":"has-post-thumbnail","6":"product_cat-fortepian","7":"product_tag-fortepian","8":"product_tag-freedom","9":"product_tag-kolysanka","10":"product_tag-miss","11":"product_tag-nuty","12":"product_tag-o","13":"product_tag-oh","14":"product_tag-pianino","15":"product_tag-piano","16":"product_tag-song","17":"product_tag-tesknie","18":"product_tag-toba","19":"product_tag-wolnosci","20":"product_tag-you","21":"product_tag-za","23":"entry","24":"has-media","26":"first","27":"instock","28":"featured","29":"downloadable","30":"virtual","31":"purchasable","32":"product-type-simple","33":"col","34":"span_1_of_3","35":"owp-content-center","36":"owp-thumbs-layout-horizontal","37":"owp-btn-normal","38":"owp-tabs-layout-horizontal","39":"has-no-thumbnails"},"jetpack_publicize_connections":[],"jetpack_sharing_enabled":true,"_links":{"self":[{"href":"https:\/\/musicoscala.com\/en\/wp-json\/wp\/v2\/product\/918","targetHints":{"allow":["GET"]}}],"collection":[{"href":"https:\/\/musicoscala.com\/en\/wp-json\/wp\/v2\/product"}],"about":[{"href":"https:\/\/musicoscala.com\/en\/wp-json\/wp\/v2\/types\/product"}],"replies":[{"embeddable":true,"href":"https:\/\/musicoscala.com\/en\/wp-json\/wp\/v2\/comments?post=918"}],"wp:featuredmedia":[{"embeddable":true,"href":"https:\/\/musicoscala.com\/en\/wp-json\/wp\/v2\/media\/920"}],"wp:attachment":[{"href":"https:\/\/musicoscala.com\/en\/wp-json\/wp\/v2\/media?parent=918"}],"wp:term":[{"taxonomy":"product_brand","embeddable":true,"href":"https:\/\/musicoscala.com\/en\/wp-json\/wp\/v2\/product_brand?post=918"},{"taxonomy":"product_cat","embeddable":true,"href":"https:\/\/musicoscala.com\/en\/wp-json\/wp\/v2\/product_cat?post=918"},{"taxonomy":"product_tag","embeddable":true,"href":"https:\/\/musicoscala.com\/en\/wp-json\/wp\/v2\/product_tag?post=918"}],"curies":[{"name":"wp","href":"https:\/\/api.w.org\/{rel}","templated":true}]}}